{"id":126,"date":"2026-03-11T04:25:31","date_gmt":"2026-03-11T02:25:31","guid":{"rendered":"https:\/\/sagis.lt\/?page_id=126"},"modified":"2026-04-24T22:10:36","modified_gmt":"2026-04-24T19:10:36","slug":"anmeldung","status":"publish","type":"page","link":"https:\/\/sagis.lt\/de\/registracija\/","title":{"rendered":"Anmeldung"},"content":{"rendered":"<div data-elementor-type=\"wp-page\" data-elementor-id=\"126\" class=\"elementor elementor-126\" data-elementor-post-type=\"page\">\n\t\t\t\t<div class=\"elementor-element elementor-element-df8ab04 e-con-full e-flex e-con e-parent\" data-id=\"df8ab04\" data-element_type=\"container\" data-e-type=\"container\">\n\t\t<div class=\"elementor-element elementor-element-9003397 e-flex e-con-boxed e-con e-child\" data-id=\"9003397\" data-element_type=\"container\" data-e-type=\"container\">\n\t\t\t\t\t<div class=\"e-con-inner\">\n\t\t\t\t<div class=\"elementor-element elementor-element-e5f9eb5 elementor-widget elementor-widget-html\" data-id=\"e5f9eb5\" data-element_type=\"widget\" data-e-type=\"widget\" data-widget_type=\"html.default\">\n\t\t\t\t\t<div class=\"sagis-booking-embed\">\n  <iframe\n    data-src=\"https:\/\/book.treatwell.lt\/salonas\/gyvunu-kirpykla-sagis\/\"\n    title=\"Sagis Friseursalon f\u00fcr Haustiere Registrierung\"\n   \n    referrerpolicy=\"strict-origin-when-cross-origin\"\n    allowfullscreen src=\"data:image\/svg+xml;base64,PHN2ZyB3aWR0aD0iMSIgaGVpZ2h0PSIxIiB4bWxucz0iaHR0cDovL3d3dy53My5vcmcvMjAwMC9zdmciPjwvc3ZnPg==\" class=\"lazyload\" data-load-mode=\"1\">\n  <\/iframe>\n<\/div>\n\n<div class=\"sagis-booking-spacer\"><\/div>\t\t\t\t<\/div>\n\t\t\t\t<div class=\"elementor-element elementor-element-7d889c3 elementor-absolute elementor-hidden-tablet elementor-hidden-mobile elementor-widget elementor-widget-image\" data-id=\"7d889c3\" data-element_type=\"widget\" data-e-type=\"widget\" data-settings=\"{&quot;_position&quot;:&quot;absolute&quot;}\" data-widget_type=\"image.default\">\n\t\t\t\t\t\t\t\t\t\t\t\t\t\t\t<img fetchpriority=\"high\" decoding=\"async\" width=\"300\" height=\"227\" src=\"https:\/\/sagis.lt\/wp-content\/uploads\/2026\/03\/kaulas2-300x227.png\" class=\"attachment-medium size-medium wp-image-154\" alt=\"\" srcset=\"https:\/\/sagis.lt\/wp-content\/uploads\/2026\/03\/kaulas2-300x227.png 300w, https:\/\/sagis.lt\/wp-content\/uploads\/2026\/03\/kaulas2-16x12.png 16w, https:\/\/sagis.lt\/wp-content\/uploads\/2026\/03\/kaulas2.png 384w\" sizes=\"(max-width: 300px) 100vw, 300px\" \/>\t\t\t\t\t\t\t\t\t\t\t\t\t\t\t<\/div>\n\t\t\t\t<div class=\"elementor-element elementor-element-9bd1212 elementor-absolute elementor-hidden-tablet elementor-hidden-mobile elementor-widget elementor-widget-image\" data-id=\"9bd1212\" data-element_type=\"widget\" data-e-type=\"widget\" data-settings=\"{&quot;_position&quot;:&quot;absolute&quot;}\" data-widget_type=\"image.default\">\n\t\t\t\t\t\t\t\t\t\t\t\t\t\t\t<img decoding=\"async\" width=\"150\" height=\"150\" data-src=\"https:\/\/sagis.lt\/wp-content\/uploads\/2026\/03\/letenele12-150x150.png\" class=\"attachment-thumbnail size-thumbnail wp-image-183 lazyload\" alt=\"\" data-srcset=\"https:\/\/sagis.lt\/wp-content\/uploads\/2026\/03\/letenele12-150x150.png 150w, https:\/\/sagis.lt\/wp-content\/uploads\/2026\/03\/letenele12-300x300.png 300w, https:\/\/sagis.lt\/wp-content\/uploads\/2026\/03\/letenele12-12x12.png 12w, https:\/\/sagis.lt\/wp-content\/uploads\/2026\/03\/letenele12.png 402w\" data-sizes=\"(max-width: 150px) 100vw, 150px\" src=\"data:image\/svg+xml;base64,PHN2ZyB3aWR0aD0iMSIgaGVpZ2h0PSIxIiB4bWxucz0iaHR0cDovL3d3dy53My5vcmcvMjAwMC9zdmciPjwvc3ZnPg==\" style=\"--smush-placeholder-width: 150px; --smush-placeholder-aspect-ratio: 150\/150;\" \/>\t\t\t\t\t\t\t\t\t\t\t\t\t\t\t<\/div>\n\t\t\t\t<div class=\"elementor-element elementor-element-556a5c7 elementor-absolute elementor-hidden-tablet elementor-hidden-mobile elementor-widget elementor-widget-image\" data-id=\"556a5c7\" data-element_type=\"widget\" data-e-type=\"widget\" data-settings=\"{&quot;_position&quot;:&quot;absolute&quot;}\" data-widget_type=\"image.default\">\n\t\t\t\t\t\t\t\t\t\t\t\t\t\t\t<img decoding=\"async\" width=\"300\" height=\"274\" data-src=\"https:\/\/sagis.lt\/wp-content\/uploads\/2026\/03\/letenele9-300x274.png\" class=\"attachment-medium size-medium wp-image-180 lazyload\" alt=\"\" data-srcset=\"https:\/\/sagis.lt\/wp-content\/uploads\/2026\/03\/letenele9-300x274.png 300w, https:\/\/sagis.lt\/wp-content\/uploads\/2026\/03\/letenele9-13x12.png 13w, https:\/\/sagis.lt\/wp-content\/uploads\/2026\/03\/letenele9.png 405w\" data-sizes=\"(max-width: 300px) 100vw, 300px\" src=\"data:image\/svg+xml;base64,PHN2ZyB3aWR0aD0iMSIgaGVpZ2h0PSIxIiB4bWxucz0iaHR0cDovL3d3dy53My5vcmcvMjAwMC9zdmciPjwvc3ZnPg==\" style=\"--smush-placeholder-width: 300px; --smush-placeholder-aspect-ratio: 300\/274;\" \/>\t\t\t\t\t\t\t\t\t\t\t\t\t\t\t<\/div>\n\t\t\t\t<div class=\"elementor-element elementor-element-f64345d elementor-absolute elementor-hidden-tablet elementor-hidden-mobile elementor-widget elementor-widget-image\" data-id=\"f64345d\" data-element_type=\"widget\" data-e-type=\"widget\" data-settings=\"{&quot;_position&quot;:&quot;absolute&quot;}\" data-widget_type=\"image.default\">\n\t\t\t\t\t\t\t\t\t\t\t\t\t\t\t<img decoding=\"async\" width=\"300\" height=\"267\" data-src=\"https:\/\/sagis.lt\/wp-content\/uploads\/2026\/03\/gelyte2-300x267.png\" class=\"attachment-medium size-medium wp-image-171 lazyload\" alt=\"\" data-srcset=\"https:\/\/sagis.lt\/wp-content\/uploads\/2026\/03\/gelyte2-300x267.png 300w, https:\/\/sagis.lt\/wp-content\/uploads\/2026\/03\/gelyte2-13x12.png 13w, https:\/\/sagis.lt\/wp-content\/uploads\/2026\/03\/gelyte2.png 353w\" data-sizes=\"(max-width: 300px) 100vw, 300px\" src=\"data:image\/svg+xml;base64,PHN2ZyB3aWR0aD0iMSIgaGVpZ2h0PSIxIiB4bWxucz0iaHR0cDovL3d3dy53My5vcmcvMjAwMC9zdmciPjwvc3ZnPg==\" style=\"--smush-placeholder-width: 300px; --smush-placeholder-aspect-ratio: 300\/267;\" \/>\t\t\t\t\t\t\t\t\t\t\t\t\t\t\t<\/div>\n\t\t\t\t\t<\/div>\n\t\t\t\t<\/div>\n\t\t\t\t<\/div>\n\t\t\t\t<\/div>","protected":false},"excerpt":{"rendered":"","protected":false},"author":1,"featured_media":0,"parent":0,"menu_order":0,"comment_status":"closed","ping_status":"closed","template":"elementor_header_footer","meta":{"footnotes":""},"class_list":["post-126","page","type-page","status-publish","hentry"],"yoast_head":"<!-- This site is optimized with the Yoast SEO Premium plugin v27.0 (Yoast SEO v27.4) - https:\/\/yoast.com\/product\/yoast-seo-premium-wordpress\/ -->\n<title>Registracija \u2013 \u0161un\u0173 kirpykla Vilniuje Sagis<\/title>\n<meta name=\"description\" content=\"Registracija \u012f \u0161un\u0173 kirpykl\u0105 Vilniuje per Treatwell. Pasirinkite laik\u0105 ir patogiai u\u017eregistruokite savo augintin\u012f vizitui.\" \/>\n<meta name=\"robots\" content=\"index, follow, max-snippet:-1, max-image-preview:large, max-video-preview:-1\" \/>\n<link rel=\"canonical\" href=\"https:\/\/sagis.lt\/de\/anmeldung\/\" \/>\n<meta property=\"og:locale\" content=\"de_DE\" \/>\n<meta property=\"og:type\" content=\"article\" \/>\n<meta property=\"og:title\" content=\"Registracija \u2013 \u0161un\u0173 kirpykla Vilniuje Sagis\" \/>\n<meta property=\"og:description\" content=\"Registracija \u012f \u0161un\u0173 kirpykl\u0105 Vilniuje per Treatwell. Pasirinkite laik\u0105 ir patogiai u\u017eregistruokite savo augintin\u012f vizitui.\" \/>\n<meta property=\"og:url\" content=\"https:\/\/sagis.lt\/de\/anmeldung\/\" \/>\n<meta property=\"og:site_name\" content=\"sagis.lt\" \/>\n<meta property=\"article:publisher\" content=\"https:\/\/www.facebook.com\/Gyvunukirpyklasagis?locale=lt_LT\" \/>\n<meta property=\"article:modified_time\" content=\"2026-04-24T19:10:36+00:00\" \/>\n<meta property=\"og:image\" content=\"https:\/\/sagis.lt\/wp-content\/uploads\/2026\/03\/favicon.png\" \/>\n\t<meta property=\"og:image:width\" content=\"512\" \/>\n\t<meta property=\"og:image:height\" content=\"512\" \/>\n\t<meta property=\"og:image:type\" content=\"image\/png\" \/>\n<meta name=\"twitter:card\" content=\"summary_large_image\" \/>\n<meta name=\"twitter:title\" content=\"Registracija\" \/>\n<meta name=\"twitter:label1\" content=\"Gesch\u00e4tzte Lesezeit\" \/>\n\t<meta name=\"twitter:data1\" content=\"1\u00a0Minute\" \/>\n<script type=\"application\/ld+json\" class=\"yoast-schema-graph\">{\"@context\":\"https:\\\/\\\/schema.org\",\"@graph\":[{\"@type\":\"WebPage\",\"@id\":\"https:\\\/\\\/sagis.lt\\\/registracija\\\/\",\"url\":\"https:\\\/\\\/sagis.lt\\\/registracija\\\/\",\"name\":\"Registracija \u2013 \u0161un\u0173 kirpykla Vilniuje Sagis\",\"isPartOf\":{\"@id\":\"https:\\\/\\\/sagis.lt\\\/#website\"},\"primaryImageOfPage\":{\"@id\":\"https:\\\/\\\/sagis.lt\\\/registracija\\\/#primaryimage\"},\"image\":{\"@id\":\"https:\\\/\\\/sagis.lt\\\/registracija\\\/#primaryimage\"},\"thumbnailUrl\":\"https:\\\/\\\/sagis.lt\\\/wp-content\\\/uploads\\\/2026\\\/03\\\/kaulas2-300x227.png\",\"datePublished\":\"2026-03-11T02:25:31+00:00\",\"dateModified\":\"2026-04-24T19:10:36+00:00\",\"description\":\"Registracija \u012f \u0161un\u0173 kirpykl\u0105 Vilniuje per Treatwell. Pasirinkite laik\u0105 ir patogiai u\u017eregistruokite savo augintin\u012f vizitui.\",\"breadcrumb\":{\"@id\":\"https:\\\/\\\/sagis.lt\\\/registracija\\\/#breadcrumb\"},\"inLanguage\":\"de\",\"potentialAction\":[{\"@type\":\"ReadAction\",\"target\":[\"https:\\\/\\\/sagis.lt\\\/registracija\\\/\"]}]},{\"@type\":\"ImageObject\",\"inLanguage\":\"de\",\"@id\":\"https:\\\/\\\/sagis.lt\\\/registracija\\\/#primaryimage\",\"url\":\"https:\\\/\\\/sagis.lt\\\/wp-content\\\/uploads\\\/2026\\\/03\\\/kaulas2-300x227.png\",\"contentUrl\":\"https:\\\/\\\/sagis.lt\\\/wp-content\\\/uploads\\\/2026\\\/03\\\/kaulas2-300x227.png\"},{\"@type\":\"BreadcrumbList\",\"@id\":\"https:\\\/\\\/sagis.lt\\\/registracija\\\/#breadcrumb\",\"itemListElement\":[{\"@type\":\"ListItem\",\"position\":1,\"name\":\"Prad\u017eia\",\"item\":\"https:\\\/\\\/sagis.lt\\\/\"},{\"@type\":\"ListItem\",\"position\":2,\"name\":\"Registracija\"}]},{\"@type\":\"WebSite\",\"@id\":\"https:\\\/\\\/sagis.lt\\\/#website\",\"url\":\"https:\\\/\\\/sagis.lt\\\/\",\"name\":\"sagis.lt\",\"description\":\"Gyv\u016bn\u0173 kirpykla Sagis - Laimingas \u0161uo, Gra\u017eus \u0161uo\",\"publisher\":{\"@id\":\"https:\\\/\\\/sagis.lt\\\/#organization\"},\"potentialAction\":[{\"@type\":\"SearchAction\",\"target\":{\"@type\":\"EntryPoint\",\"urlTemplate\":\"https:\\\/\\\/sagis.lt\\\/?s={search_term_string}\"},\"query-input\":{\"@type\":\"PropertyValueSpecification\",\"valueRequired\":true,\"valueName\":\"search_term_string\"}}],\"inLanguage\":\"de\"},{\"@type\":\"Organization\",\"@id\":\"https:\\\/\\\/sagis.lt\\\/#organization\",\"name\":\"sagis.lt\",\"alternateName\":\"Sagis kirpykla\",\"url\":\"https:\\\/\\\/sagis.lt\\\/\",\"logo\":{\"@type\":\"ImageObject\",\"inLanguage\":\"de\",\"@id\":\"https:\\\/\\\/sagis.lt\\\/#\\\/schema\\\/logo\\\/image\\\/\",\"url\":\"https:\\\/\\\/sagis.lt\\\/wp-content\\\/uploads\\\/2026\\\/03\\\/favicon.png\",\"contentUrl\":\"https:\\\/\\\/sagis.lt\\\/wp-content\\\/uploads\\\/2026\\\/03\\\/favicon.png\",\"width\":512,\"height\":512,\"caption\":\"sagis.lt\"},\"image\":{\"@id\":\"https:\\\/\\\/sagis.lt\\\/#\\\/schema\\\/logo\\\/image\\\/\"},\"sameAs\":[\"https:\\\/\\\/www.facebook.com\\\/Gyvunukirpyklasagis?locale=lt_LT\",\"https:\\\/\\\/www.instagram.com\\\/kirpyklasagis\\\/\"]}]}<\/script>\n<!-- \/ Yoast SEO Premium plugin. -->","yoast_head_json":{"title":"Anmeldung - Hundefriseur in Vilnius Sagis","description":"Anmeldung f\u00fcr Hundefrisuren in Vilnius \u00fcber Treatwell. W\u00e4hlen Sie einen Termin und melden Sie Ihr Haustier bequem f\u00fcr einen Besuch an.","robots":{"index":"index","follow":"follow","max-snippet":"max-snippet:-1","max-image-preview":"max-image-preview:large","max-video-preview":"max-video-preview:-1"},"canonical":"https:\/\/sagis.lt\/de\/anmeldung\/","og_locale":"de_DE","og_type":"article","og_title":"Registracija \u2013 \u0161un\u0173 kirpykla Vilniuje Sagis","og_description":"Registracija \u012f \u0161un\u0173 kirpykl\u0105 Vilniuje per Treatwell. Pasirinkite laik\u0105 ir patogiai u\u017eregistruokite savo augintin\u012f vizitui.","og_url":"https:\/\/sagis.lt\/de\/anmeldung\/","og_site_name":"sagis.lt","article_publisher":"https:\/\/www.facebook.com\/Gyvunukirpyklasagis?locale=lt_LT","article_modified_time":"2026-04-24T19:10:36+00:00","og_image":[{"width":512,"height":512,"url":"https:\/\/sagis.lt\/wp-content\/uploads\/2026\/03\/favicon.png","type":"image\/png"}],"twitter_card":"summary_large_image","twitter_title":"Registracija","twitter_misc":{"Gesch\u00e4tzte Lesezeit":"1\u00a0Minute"},"schema":{"@context":"https:\/\/schema.org","@graph":[{"@type":"WebPage","@id":"https:\/\/sagis.lt\/registracija\/","url":"https:\/\/sagis.lt\/registracija\/","name":"Anmeldung - Hundefriseur in Vilnius Sagis","isPartOf":{"@id":"https:\/\/sagis.lt\/#website"},"primaryImageOfPage":{"@id":"https:\/\/sagis.lt\/registracija\/#primaryimage"},"image":{"@id":"https:\/\/sagis.lt\/registracija\/#primaryimage"},"thumbnailUrl":"https:\/\/sagis.lt\/wp-content\/uploads\/2026\/03\/kaulas2-300x227.png","datePublished":"2026-03-11T02:25:31+00:00","dateModified":"2026-04-24T19:10:36+00:00","description":"Anmeldung f\u00fcr Hundefrisuren in Vilnius \u00fcber Treatwell. W\u00e4hlen Sie einen Termin und melden Sie Ihr Haustier bequem f\u00fcr einen Besuch an.","breadcrumb":{"@id":"https:\/\/sagis.lt\/registracija\/#breadcrumb"},"inLanguage":"de","potentialAction":[{"@type":"ReadAction","target":["https:\/\/sagis.lt\/registracija\/"]}]},{"@type":"ImageObject","inLanguage":"de","@id":"https:\/\/sagis.lt\/registracija\/#primaryimage","url":"https:\/\/sagis.lt\/wp-content\/uploads\/2026\/03\/kaulas2-300x227.png","contentUrl":"https:\/\/sagis.lt\/wp-content\/uploads\/2026\/03\/kaulas2-300x227.png"},{"@type":"BreadcrumbList","@id":"https:\/\/sagis.lt\/registracija\/#breadcrumb","itemListElement":[{"@type":"ListItem","position":1,"name":"Prad\u017eia","item":"https:\/\/sagis.lt\/"},{"@type":"ListItem","position":2,"name":"Registracija"}]},{"@type":"WebSite","@id":"https:\/\/sagis.lt\/#website","url":"https:\/\/sagis.lt\/","name":"sagis.lt","description":"Sagis Animal Hairdresser - Gl\u00fccklicher Hund, sch\u00f6ner Hund","publisher":{"@id":"https:\/\/sagis.lt\/#organization"},"potentialAction":[{"@type":"SearchAction","target":{"@type":"EntryPoint","urlTemplate":"https:\/\/sagis.lt\/?s={search_term_string}"},"query-input":{"@type":"PropertyValueSpecification","valueRequired":true,"valueName":"search_term_string"}}],"inLanguage":"de"},{"@type":"Organization","@id":"https:\/\/sagis.lt\/#organization","name":"sagis.lt","alternateName":"Sagis kirpykla","url":"https:\/\/sagis.lt\/","logo":{"@type":"ImageObject","inLanguage":"de","@id":"https:\/\/sagis.lt\/#\/schema\/logo\/image\/","url":"https:\/\/sagis.lt\/wp-content\/uploads\/2026\/03\/favicon.png","contentUrl":"https:\/\/sagis.lt\/wp-content\/uploads\/2026\/03\/favicon.png","width":512,"height":512,"caption":"sagis.lt"},"image":{"@id":"https:\/\/sagis.lt\/#\/schema\/logo\/image\/"},"sameAs":["https:\/\/www.facebook.com\/Gyvunukirpyklasagis?locale=lt_LT","https:\/\/www.instagram.com\/kirpyklasagis\/"]}]}},"_links":{"self":[{"href":"https:\/\/sagis.lt\/de\/wp-json\/wp\/v2\/pages\/126","targetHints":{"allow":["GET"]}}],"collection":[{"href":"https:\/\/sagis.lt\/de\/wp-json\/wp\/v2\/pages"}],"about":[{"href":"https:\/\/sagis.lt\/de\/wp-json\/wp\/v2\/types\/page"}],"author":[{"embeddable":true,"href":"https:\/\/sagis.lt\/de\/wp-json\/wp\/v2\/users\/1"}],"replies":[{"embeddable":true,"href":"https:\/\/sagis.lt\/de\/wp-json\/wp\/v2\/comments?post=126"}],"version-history":[{"count":0,"href":"https:\/\/sagis.lt\/de\/wp-json\/wp\/v2\/pages\/126\/revisions"}],"wp:attachment":[{"href":"https:\/\/sagis.lt\/de\/wp-json\/wp\/v2\/media?parent=126"}],"curies":[{"name":"wp","href":"https:\/\/api.w.org\/{rel}","templated":true}]}}