{"id":54,"date":"2026-03-11T00:59:53","date_gmt":"2026-03-10T22:59:53","guid":{"rendered":"https:\/\/sagis.lt\/?page_id=54"},"modified":"2026-04-24T23:21:04","modified_gmt":"2026-04-24T20:21:04","slug":"privacy-policy","status":"publish","type":"page","link":"https:\/\/sagis.lt\/en\/privatumo-politika\/","title":{"rendered":"Privacy Policy"},"content":{"rendered":"<div data-elementor-type=\"wp-page\" data-elementor-id=\"54\" class=\"elementor elementor-54\" data-elementor-post-type=\"page\">\n\t\t\t\t<div class=\"elementor-element elementor-element-a89afaf e-flex e-con-boxed e-con e-parent\" data-id=\"a89afaf\" data-element_type=\"container\" data-e-type=\"container\">\n\t\t\t\t\t<div class=\"e-con-inner\">\n\t\t<div class=\"elementor-element elementor-element-5226436 e-con-full e-flex e-con e-child\" data-id=\"5226436\" data-element_type=\"container\" data-e-type=\"container\">\n\t\t\t\t<div class=\"elementor-element elementor-element-71e13f1 elementor-widget-mobile__width-initial elementor-invisible elementor-widget elementor-widget-heading\" data-id=\"71e13f1\" data-element_type=\"widget\" data-e-type=\"widget\" data-settings=\"{&quot;_animation&quot;:&quot;fadeInDown&quot;}\" data-widget_type=\"heading.default\">\n\t\t\t\t\t<h1 class=\"elementor-heading-title elementor-size-default\">Privacy Policy<\/h1>\t\t\t\t<\/div>\n\t\t\t\t<div class=\"elementor-element elementor-element-b9ff3be elementor-widget__width-inherit elementor-invisible elementor-widget elementor-widget-text-editor\" data-id=\"b9ff3be\" data-element_type=\"widget\" data-e-type=\"widget\" data-settings=\"{&quot;_animation&quot;:&quot;fadeIn&quot;,&quot;_animation_mobile&quot;:&quot;fadeIn&quot;}\" data-widget_type=\"text-editor.default\">\n\t\t\t\t\t\t\t\t\t<p class=\"p1\"><strong>Last updated: 2026-04-24<\/strong><\/p>\t\t\t\t\t\t\t\t<\/div>\n\t\t\t\t<div class=\"elementor-element elementor-element-809bdcf elementor-widget__width-inherit elementor-invisible elementor-widget elementor-widget-text-editor\" data-id=\"809bdcf\" data-element_type=\"widget\" data-e-type=\"widget\" data-settings=\"{&quot;_animation&quot;:&quot;fadeIn&quot;,&quot;_animation_mobile&quot;:&quot;fadeIn&quot;}\" data-widget_type=\"text-editor.default\">\n\t\t\t\t\t\t\t\t\t<p class=\"p1\"><span style=\"color: #4f6836;\"><strong data-start=\"387\" data-end=\"396\">Buckle<\/strong><\/span> is committed to protecting the privacy of customers, visitors and enquirers. This policy explains what personal data we collect, how and on what basis we use it, how long we keep it and what rights you have under the General Data Protection Regulation (GDPR).<\/p>\t\t\t\t\t\t\t\t<\/div>\n\t\t\t\t<\/div>\n\t\t<div class=\"elementor-element elementor-element-ce236bc e-con-full e-flex e-con e-child\" data-id=\"ce236bc\" data-element_type=\"container\" data-e-type=\"container\">\n\t\t\t\t<div class=\"elementor-element elementor-element-b6e2441 elementor-widget__width-initial elementor-invisible elementor-widget elementor-widget-heading\" data-id=\"b6e2441\" data-element_type=\"widget\" data-e-type=\"widget\" data-settings=\"{&quot;_animation&quot;:&quot;fadeIn&quot;,&quot;_animation_delay&quot;:300}\" data-widget_type=\"heading.default\">\n\t\t\t\t\t<h2 class=\"elementor-heading-title elementor-size-default\">1. What data do we collect?<\/h2>\t\t\t\t<\/div>\n\t\t\t\t<div class=\"elementor-element elementor-element-ebdc5ff elementor-widget__width-inherit elementor-invisible elementor-widget elementor-widget-text-editor\" data-id=\"ebdc5ff\" data-element_type=\"widget\" data-e-type=\"widget\" data-settings=\"{&quot;_animation&quot;:&quot;fadeIn&quot;,&quot;_animation_mobile&quot;:&quot;fadeIn&quot;}\" data-widget_type=\"text-editor.default\">\n\t\t\t\t\t\t\t\t\t<p data-start=\"711\" data-end=\"777\">We only collect personal data that you provide voluntarily:<\/p><ul data-start=\"779\" data-end=\"877\"><li data-start=\"779\" data-end=\"787\">name;<\/li><li data-start=\"788\" data-end=\"807\">email address;<\/li><li data-start=\"808\" data-end=\"847\">your telephone number, if you provide one;<\/li><li data-start=\"848\" data-end=\"877\">the content of the message or request.<\/li><\/ul><p data-start=\"879\" data-end=\"947\">We may also collect technical data that is collected automatically:<\/p><ul data-start=\"949\" data-end=\"1027\"><li data-start=\"949\" data-end=\"961\">IP address;<\/li><li data-start=\"962\" data-end=\"990\">the type of browser you use;<\/li><li data-start=\"991\" data-end=\"1027\">the date, time and duration of the visit.<\/li><\/ul>\t\t\t\t\t\t\t\t<\/div>\n\t\t\t\t<\/div>\n\t\t<div class=\"elementor-element elementor-element-eacbfe3 e-con-full e-flex e-con e-child\" data-id=\"eacbfe3\" data-element_type=\"container\" data-e-type=\"container\">\n\t\t\t\t<div class=\"elementor-element elementor-element-df6cbf2 elementor-widget__width-initial elementor-invisible elementor-widget elementor-widget-heading\" data-id=\"df6cbf2\" data-element_type=\"widget\" data-e-type=\"widget\" data-settings=\"{&quot;_animation&quot;:&quot;fadeIn&quot;,&quot;_animation_delay&quot;:300}\" data-widget_type=\"heading.default\">\n\t\t\t\t\t<h2 class=\"elementor-heading-title elementor-size-default\">2. How do we use your data?<\/h2>\t\t\t\t<\/div>\n\t\t\t\t<div class=\"elementor-element elementor-element-e5af66c elementor-widget__width-inherit elementor-invisible elementor-widget elementor-widget-text-editor\" data-id=\"e5af66c\" data-element_type=\"widget\" data-e-type=\"widget\" data-settings=\"{&quot;_animation&quot;:&quot;fadeIn&quot;,&quot;_animation_mobile&quot;:&quot;fadeIn&quot;}\" data-widget_type=\"text-editor.default\">\n\t\t\t\t\t\t\t\t\t<p data-start=\"1066\" data-end=\"1108\">We use your data to:<\/p><ul data-start=\"1110\" data-end=\"1363\"><li data-start=\"1110\" data-end=\"1149\">respond to your queries and messages;<\/li><li data-start=\"1150\" data-end=\"1193\">provide information about our services;<\/li><li data-start=\"1194\" data-end=\"1256\">help you choose the most appropriate time or care service;<\/li><li data-start=\"1257\" data-end=\"1308\">managing correspondence or cooperation;<\/li><li data-start=\"1309\" data-end=\"1363\">ensure the operation, security and improvement of the website.<\/li><\/ul><p data-start=\"1365\" data-end=\"1438\">We do not use your data for direct marketing without your explicit consent.<\/p>\t\t\t\t\t\t\t\t<\/div>\n\t\t\t\t<\/div>\n\t\t<div class=\"elementor-element elementor-element-1c90480 e-con-full e-flex e-con e-child\" data-id=\"1c90480\" data-element_type=\"container\" data-e-type=\"container\">\n\t\t\t\t<div class=\"elementor-element elementor-element-7686a6e elementor-widget__width-initial elementor-invisible elementor-widget elementor-widget-heading\" data-id=\"7686a6e\" data-element_type=\"widget\" data-e-type=\"widget\" data-settings=\"{&quot;_animation&quot;:&quot;fadeIn&quot;,&quot;_animation_delay&quot;:300}\" data-widget_type=\"heading.default\">\n\t\t\t\t\t<h2 class=\"elementor-heading-title elementor-size-default\">3. Cookies and technical information<\/h2>\t\t\t\t<\/div>\n\t\t\t\t<div class=\"elementor-element elementor-element-280bfc6 elementor-widget__width-inherit elementor-invisible elementor-widget elementor-widget-text-editor\" data-id=\"280bfc6\" data-element_type=\"widget\" data-e-type=\"widget\" data-settings=\"{&quot;_animation&quot;:&quot;fadeIn&quot;,&quot;_animation_mobile&quot;:&quot;fadeIn&quot;}\" data-widget_type=\"text-editor.default\">\n\t\t\t\t\t\t\t\t\t<p data-start=\"1480\" data-end=\"1699\">The website may use essential cookies that are necessary for the functioning, security and user experience of the website. Statistical or third-party solutions may also be used if they are integrated on the website.<\/p><p data-start=\"1701\" data-end=\"1797\">For more information on the use of cookies, please see the separate page <a href=\"https:\/\/sagis.lt\/en\/privatumo-politika-2\/\"><strong data-start=\"1776\" data-end=\"1796\">Cookie Policy<\/strong>.<\/a><\/p>\t\t\t\t\t\t\t\t<\/div>\n\t\t\t\t<\/div>\n\t\t<div class=\"elementor-element elementor-element-8a49fa1 e-con-full e-flex e-con e-child\" data-id=\"8a49fa1\" data-element_type=\"container\" data-e-type=\"container\">\n\t\t\t\t<div class=\"elementor-element elementor-element-74b057c elementor-widget__width-initial elementor-invisible elementor-widget elementor-widget-heading\" data-id=\"74b057c\" data-element_type=\"widget\" data-e-type=\"widget\" data-settings=\"{&quot;_animation&quot;:&quot;fadeIn&quot;,&quot;_animation_delay&quot;:300}\" data-widget_type=\"heading.default\">\n\t\t\t\t\t<h2 class=\"elementor-heading-title elementor-size-default\">4. Legal basis for processing<\/h2>\t\t\t\t<\/div>\n\t\t\t\t<div class=\"elementor-element elementor-element-194f579 elementor-widget__width-inherit elementor-invisible elementor-widget elementor-widget-text-editor\" data-id=\"194f579\" data-element_type=\"widget\" data-e-type=\"widget\" data-settings=\"{&quot;_animation&quot;:&quot;fadeIn&quot;,&quot;_animation_mobile&quot;:&quot;fadeIn&quot;}\" data-widget_type=\"text-editor.default\">\n\t\t\t\t\t\t\t\t\t<p data-start=\"1842\" data-end=\"1893\">We process your data on the following grounds:<\/p><ul data-start=\"1895\" data-end=\"2085\"><li data-start=\"1895\" data-end=\"1911\">with your consent;<\/li><li data-start=\"1912\" data-end=\"1972\">the performance of the contract or the conduct leading up to the conclusion of the contract;<\/li><li data-start=\"1973\" data-end=\"2085\">legitimate interest where it is necessary to respond to requests, administer communications or ensure the security of the website.<\/li><\/ul>\t\t\t\t\t\t\t\t<\/div>\n\t\t\t\t<\/div>\n\t\t<div class=\"elementor-element elementor-element-b6be302 e-con-full e-flex e-con e-child\" data-id=\"b6be302\" data-element_type=\"container\" data-e-type=\"container\">\n\t\t\t\t<div class=\"elementor-element elementor-element-9a7a2e6 elementor-widget__width-initial elementor-invisible elementor-widget elementor-widget-heading\" data-id=\"9a7a2e6\" data-element_type=\"widget\" data-e-type=\"widget\" data-settings=\"{&quot;_animation&quot;:&quot;fadeIn&quot;,&quot;_animation_delay&quot;:300}\" data-widget_type=\"heading.default\">\n\t\t\t\t\t<h2 class=\"elementor-heading-title elementor-size-default\">Data retention period<\/h2>\t\t\t\t<\/div>\n\t\t\t\t<div class=\"elementor-element elementor-element-4717534 elementor-widget__width-inherit elementor-invisible elementor-widget elementor-widget-text-editor\" data-id=\"4717534\" data-element_type=\"widget\" data-e-type=\"widget\" data-settings=\"{&quot;_animation&quot;:&quot;fadeIn&quot;,&quot;_animation_mobile&quot;:&quot;fadeIn&quot;}\" data-widget_type=\"text-editor.default\">\n\t\t\t\t\t\t\t\t\t<p data-start=\"2124\" data-end=\"2202\">We keep your data for no longer than is necessary to achieve the stated purposes:<\/p><ul data-start=\"2204\" data-end=\"2433\"><li data-start=\"2204\" data-end=\"2290\">Correspondence and query data - up to <strong data-start=\"2248\" data-end=\"2261\">6 months<\/strong> after the last communication;<\/li><li data-start=\"2291\" data-end=\"2433\">in the case of cooperation or the provision of services, until the expiry of the period laid down by law or for as long as is necessary for the administration of the services.<\/li><\/ul>\t\t\t\t\t\t\t\t<\/div>\n\t\t\t\t<\/div>\n\t\t<div class=\"elementor-element elementor-element-bd65cc7 e-con-full e-flex e-con e-child\" data-id=\"bd65cc7\" data-element_type=\"container\" data-e-type=\"container\">\n\t\t\t\t<div class=\"elementor-element elementor-element-b1d8003 elementor-widget__width-initial elementor-invisible elementor-widget elementor-widget-heading\" data-id=\"b1d8003\" data-element_type=\"widget\" data-e-type=\"widget\" data-settings=\"{&quot;_animation&quot;:&quot;fadeIn&quot;,&quot;_animation_delay&quot;:300}\" data-widget_type=\"heading.default\">\n\t\t\t\t\t<h2 class=\"elementor-heading-title elementor-size-default\">6. Your rights<\/h2>\t\t\t\t<\/div>\n\t\t\t\t<div class=\"elementor-element elementor-element-21ef1ed elementor-widget__width-inherit elementor-invisible elementor-widget elementor-widget-text-editor\" data-id=\"21ef1ed\" data-element_type=\"widget\" data-e-type=\"widget\" data-settings=\"{&quot;_animation&quot;:&quot;fadeIn&quot;,&quot;_animation_mobile&quot;:&quot;fadeIn&quot;}\" data-widget_type=\"text-editor.default\">\n\t\t\t\t\t\t\t\t\t<p data-start=\"2454\" data-end=\"2471\">You have the right to:<\/p><ul data-start=\"2473\" data-end=\"2832\"><li data-start=\"2473\" data-end=\"2520\">receive information about the processing of your data;<\/li><li data-start=\"2521\" data-end=\"2575\">request the correction of inaccurate or incomplete data;<\/li><li data-start=\"2576\" data-end=\"2609\">request the deletion of your data;<\/li><li data-start=\"2610\" data-end=\"2646\">request restriction of processing;<\/li><li data-start=\"2647\" data-end=\"2717\">to object to processing on the grounds of legitimate interest;<\/li><li data-start=\"2718\" data-end=\"2772\">transfer the data to another controller, where applicable;<\/li><li data-start=\"2773\" data-end=\"2832\">lodge a complaint with the National Data Protection Inspectorate.<\/li><\/ul>\t\t\t\t\t\t\t\t<\/div>\n\t\t\t\t<\/div>\n\t\t<div class=\"elementor-element elementor-element-5e73fc9 e-con-full e-flex e-con e-child\" data-id=\"5e73fc9\" data-element_type=\"container\" data-e-type=\"container\">\n\t\t\t\t<div class=\"elementor-element elementor-element-69d2de6 elementor-widget__width-initial elementor-invisible elementor-widget elementor-widget-heading\" data-id=\"69d2de6\" data-element_type=\"widget\" data-e-type=\"widget\" data-settings=\"{&quot;_animation&quot;:&quot;fadeIn&quot;,&quot;_animation_delay&quot;:300}\" data-widget_type=\"heading.default\">\n\t\t\t\t\t<h2 class=\"elementor-heading-title elementor-size-default\">7. Data transmission<\/h2>\t\t\t\t<\/div>\n\t\t\t\t<div class=\"elementor-element elementor-element-fbf5045 elementor-widget__width-inherit elementor-invisible elementor-widget elementor-widget-text-editor\" data-id=\"fbf5045\" data-element_type=\"widget\" data-e-type=\"widget\" data-settings=\"{&quot;_animation&quot;:&quot;fadeIn&quot;,&quot;_animation_mobile&quot;:&quot;fadeIn&quot;}\" data-widget_type=\"text-editor.default\">\n\t\t\t\t\t\t\t\t\t<p data-start=\"2860\" data-end=\"2955\">Your data is not passed on to third parties without any legal basis, unless:<\/p><ul data-start=\"2957\" data-end=\"3114\"><li data-start=\"2957\" data-end=\"2989\">necessary to provide the service;<\/li><li data-start=\"2990\" data-end=\"3019\">required by law;<\/li><li data-start=\"3020\" data-end=\"3114\">the use of certain technical or external website solutions necessary for the operation of the website.<\/li><\/ul>\t\t\t\t\t\t\t\t<\/div>\n\t\t\t\t<\/div>\n\t\t<div class=\"elementor-element elementor-element-b0c4bfc e-con-full e-flex e-con e-child\" data-id=\"b0c4bfc\" data-element_type=\"container\" data-e-type=\"container\">\n\t\t\t\t<div class=\"elementor-element elementor-element-c2925d5 elementor-widget__width-initial elementor-invisible elementor-widget elementor-widget-heading\" data-id=\"c2925d5\" data-element_type=\"widget\" data-e-type=\"widget\" data-settings=\"{&quot;_animation&quot;:&quot;fadeIn&quot;,&quot;_animation_delay&quot;:300}\" data-widget_type=\"heading.default\">\n\t\t\t\t\t<h2 class=\"elementor-heading-title elementor-size-default\">8. Changes to the Privacy Policy<\/h2>\t\t\t\t<\/div>\n\t\t\t\t<div class=\"elementor-element elementor-element-667f295 elementor-widget__width-inherit elementor-invisible elementor-widget elementor-widget-text-editor\" data-id=\"667f295\" data-element_type=\"widget\" data-e-type=\"widget\" data-settings=\"{&quot;_animation&quot;:&quot;fadeIn&quot;,&quot;_animation_mobile&quot;:&quot;fadeIn&quot;}\" data-widget_type=\"text-editor.default\">\n\t\t\t\t\t\t\t\t\t<p data-start=\"2860\" data-end=\"2955\">The latest version of this Privacy Policy is always available on the website <strong data-start=\"3459\" data-end=\"3471\">sagis.lt<\/strong>. In the event of material changes, the policy may be updated without notice and we recommend that you review it periodically.<\/p>\t\t\t\t\t\t\t\t<\/div>\n\t\t\t\t<\/div>\n\t\t<div class=\"elementor-element elementor-element-247cb4d e-con-full e-flex e-con e-child\" data-id=\"247cb4d\" data-element_type=\"container\" data-e-type=\"container\">\n\t\t\t\t<div class=\"elementor-element elementor-element-cc7ad64 elementor-widget__width-initial elementor-invisible elementor-widget elementor-widget-heading\" data-id=\"cc7ad64\" data-element_type=\"widget\" data-e-type=\"widget\" data-settings=\"{&quot;_animation&quot;:&quot;fadeIn&quot;,&quot;_animation_delay&quot;:300}\" data-widget_type=\"heading.default\">\n\t\t\t\t\t<h2 class=\"elementor-heading-title elementor-size-default\">9. Contact for privacy issues<\/h2>\t\t\t\t<\/div>\n\t\t\t\t<div class=\"elementor-element elementor-element-0ea6d83 elementor-widget__width-inherit elementor-invisible elementor-widget elementor-widget-text-editor\" data-id=\"0ea6d83\" data-element_type=\"widget\" data-e-type=\"widget\" data-settings=\"{&quot;_animation&quot;:&quot;fadeIn&quot;,&quot;_animation_mobile&quot;:&quot;fadeIn&quot;}\" data-widget_type=\"text-editor.default\">\n\t\t\t\t\t\t\t\t\t<p data-start=\"2860\" data-end=\"2955\"><strong data-start=\"3642\" data-end=\"3651\">Albinas Mila\u0161ius<\/strong><br data-start=\"3651\" data-end=\"3654\" \/><strong data-start=\"3654\" data-end=\"3669\">Email:<\/strong> <a class=\"decorated-link cursor-pointer\" rel=\"noopener\" data-start=\"3670\" data-end=\"3696\">albinas.rinkevic@gmail.com<\/a><br data-start=\"3696\" data-end=\"3699\" \/><strong data-start=\"3699\" data-end=\"3708\">Tel..:<\/strong> +37067825094<\/p>\t\t\t\t\t\t\t\t<\/div>\n\t\t\t\t<\/div>\n\t\t\t\t\t<\/div>\n\t\t\t\t<\/div>\n\t\t\t\t<\/div>","protected":false},"excerpt":{"rendered":"<p>Privatumo politika Paskutin\u012f kart\u0105 atnaujinta: 2026-04-24 Sagis \u012fsipareigoja saugoti klient\u0173, svetain\u0117s lankytoj\u0173 ir u\u017eklaus\u0173 teik\u0117j\u0173 privatum\u0105. \u0160ioje politikoje paai\u0161kiname, kokius asmens duomenis renkame, kaip ir kokiu pagrindu juos naudojame, kiek laiko juos saugome ir kokias teises turite pagal Bendr\u0105j\u012f duomen\u0173 apsaugos reglament\u0105 (BDAR). 1. Kokius duomenis renkame? Renkame tik tuos asmens duomenis, kuriuos pateikiate savanori\u0161kai: [&hellip;]<\/p>\n","protected":false},"author":1,"featured_media":0,"parent":0,"menu_order":0,"comment_status":"closed","ping_status":"closed","template":"elementor_header_footer","meta":{"footnotes":""},"class_list":["post-54","page","type-page","status-publish","hentry"],"yoast_head":"<!-- This site is optimized with the Yoast SEO Premium plugin v27.0 (Yoast SEO v27.4) - https:\/\/yoast.com\/product\/yoast-seo-premium-wordpress\/ -->\n<title>Privatumo politika \u2013 asmens duomen\u0173 apsauga \u201eSagis\u201c<\/title>\n<meta name=\"description\" content=\"Privatumo politika: kaip tvarkomi asmens duomenys, kokios j\u016bs\u0173 teis\u0117s pagal BDAR ir kaip saugoma informacija Sagis svetain\u0117je.\" \/>\n<meta name=\"robots\" content=\"index, follow, max-snippet:-1, max-image-preview:large, max-video-preview:-1\" \/>\n<link rel=\"canonical\" href=\"https:\/\/sagis.lt\/en\/privacy-policy\/\" \/>\n<meta property=\"og:locale\" content=\"en_GB\" \/>\n<meta property=\"og:type\" content=\"article\" \/>\n<meta property=\"og:title\" content=\"Privatumo politika \u2013 asmens duomen\u0173 apsauga \u201eSagis\u201c\" \/>\n<meta property=\"og:description\" content=\"Privatumo politika: kaip tvarkomi asmens duomenys, kokios j\u016bs\u0173 teis\u0117s pagal BDAR ir kaip saugoma informacija Sagis svetain\u0117je.\" \/>\n<meta property=\"og:url\" content=\"https:\/\/sagis.lt\/en\/privacy-policy\/\" \/>\n<meta property=\"og:site_name\" content=\"sagis.lt\" \/>\n<meta property=\"article:publisher\" content=\"https:\/\/www.facebook.com\/Gyvunukirpyklasagis?locale=lt_LT\" \/>\n<meta property=\"article:modified_time\" content=\"2026-04-24T20:21:04+00:00\" \/>\n<meta property=\"og:image\" content=\"https:\/\/sagis.lt\/wp-content\/uploads\/2026\/03\/favicon.png\" \/>\n\t<meta property=\"og:image:width\" content=\"512\" \/>\n\t<meta property=\"og:image:height\" content=\"512\" \/>\n\t<meta property=\"og:image:type\" content=\"image\/png\" \/>\n<meta name=\"twitter:card\" content=\"summary_large_image\" \/>\n<meta name=\"twitter:title\" content=\"Privatumo politika\" \/>\n<meta name=\"twitter:label1\" content=\"Estimated reading time\" \/>\n\t<meta name=\"twitter:data1\" content=\"3 minutes\" \/>\n<script type=\"application\/ld+json\" class=\"yoast-schema-graph\">{\"@context\":\"https:\\\/\\\/schema.org\",\"@graph\":[{\"@type\":\"WebPage\",\"@id\":\"https:\\\/\\\/sagis.lt\\\/privatumo-politika\\\/\",\"url\":\"https:\\\/\\\/sagis.lt\\\/privatumo-politika\\\/\",\"name\":\"Privatumo politika \u2013 asmens duomen\u0173 apsauga \u201eSagis\u201c\",\"isPartOf\":{\"@id\":\"https:\\\/\\\/sagis.lt\\\/#website\"},\"datePublished\":\"2026-03-10T22:59:53+00:00\",\"dateModified\":\"2026-04-24T20:21:04+00:00\",\"description\":\"Privatumo politika: kaip tvarkomi asmens duomenys, kokios j\u016bs\u0173 teis\u0117s pagal BDAR ir kaip saugoma informacija Sagis svetain\u0117je.\",\"breadcrumb\":{\"@id\":\"https:\\\/\\\/sagis.lt\\\/privatumo-politika\\\/#breadcrumb\"},\"inLanguage\":\"en-GB\",\"potentialAction\":[{\"@type\":\"ReadAction\",\"target\":[\"https:\\\/\\\/sagis.lt\\\/privatumo-politika\\\/\"]}]},{\"@type\":\"BreadcrumbList\",\"@id\":\"https:\\\/\\\/sagis.lt\\\/privatumo-politika\\\/#breadcrumb\",\"itemListElement\":[{\"@type\":\"ListItem\",\"position\":1,\"name\":\"Prad\u017eia\",\"item\":\"https:\\\/\\\/sagis.lt\\\/\"},{\"@type\":\"ListItem\",\"position\":2,\"name\":\"Privatumo politika\"}]},{\"@type\":\"WebSite\",\"@id\":\"https:\\\/\\\/sagis.lt\\\/#website\",\"url\":\"https:\\\/\\\/sagis.lt\\\/\",\"name\":\"sagis.lt\",\"description\":\"Gyv\u016bn\u0173 kirpykla Sagis - Laimingas \u0161uo, Gra\u017eus \u0161uo\",\"publisher\":{\"@id\":\"https:\\\/\\\/sagis.lt\\\/#organization\"},\"potentialAction\":[{\"@type\":\"SearchAction\",\"target\":{\"@type\":\"EntryPoint\",\"urlTemplate\":\"https:\\\/\\\/sagis.lt\\\/?s={search_term_string}\"},\"query-input\":{\"@type\":\"PropertyValueSpecification\",\"valueRequired\":true,\"valueName\":\"search_term_string\"}}],\"inLanguage\":\"en-GB\"},{\"@type\":\"Organization\",\"@id\":\"https:\\\/\\\/sagis.lt\\\/#organization\",\"name\":\"sagis.lt\",\"alternateName\":\"Sagis kirpykla\",\"url\":\"https:\\\/\\\/sagis.lt\\\/\",\"logo\":{\"@type\":\"ImageObject\",\"inLanguage\":\"en-GB\",\"@id\":\"https:\\\/\\\/sagis.lt\\\/#\\\/schema\\\/logo\\\/image\\\/\",\"url\":\"https:\\\/\\\/sagis.lt\\\/wp-content\\\/uploads\\\/2026\\\/03\\\/favicon.png\",\"contentUrl\":\"https:\\\/\\\/sagis.lt\\\/wp-content\\\/uploads\\\/2026\\\/03\\\/favicon.png\",\"width\":512,\"height\":512,\"caption\":\"sagis.lt\"},\"image\":{\"@id\":\"https:\\\/\\\/sagis.lt\\\/#\\\/schema\\\/logo\\\/image\\\/\"},\"sameAs\":[\"https:\\\/\\\/www.facebook.com\\\/Gyvunukirpyklasagis?locale=lt_LT\",\"https:\\\/\\\/www.instagram.com\\\/kirpyklasagis\\\/\"]}]}<\/script>\n<!-- \/ Yoast SEO Premium plugin. -->","yoast_head_json":{"title":"Privacy Policy - Protection of personal data at Sagis\u201e","description":"Privacy policy: how personal data is processed, what your rights are under the GDPR and how information is stored on the Sagis website.","robots":{"index":"index","follow":"follow","max-snippet":"max-snippet:-1","max-image-preview":"max-image-preview:large","max-video-preview":"max-video-preview:-1"},"canonical":"https:\/\/sagis.lt\/en\/privacy-policy\/","og_locale":"en_GB","og_type":"article","og_title":"Privatumo politika \u2013 asmens duomen\u0173 apsauga \u201eSagis\u201c","og_description":"Privatumo politika: kaip tvarkomi asmens duomenys, kokios j\u016bs\u0173 teis\u0117s pagal BDAR ir kaip saugoma informacija Sagis svetain\u0117je.","og_url":"https:\/\/sagis.lt\/en\/privacy-policy\/","og_site_name":"sagis.lt","article_publisher":"https:\/\/www.facebook.com\/Gyvunukirpyklasagis?locale=lt_LT","article_modified_time":"2026-04-24T20:21:04+00:00","og_image":[{"width":512,"height":512,"url":"https:\/\/sagis.lt\/wp-content\/uploads\/2026\/03\/favicon.png","type":"image\/png"}],"twitter_card":"summary_large_image","twitter_title":"Privatumo politika","twitter_misc":{"Estimated reading time":"3 minutes"},"schema":{"@context":"https:\/\/schema.org","@graph":[{"@type":"WebPage","@id":"https:\/\/sagis.lt\/privatumo-politika\/","url":"https:\/\/sagis.lt\/privatumo-politika\/","name":"Privacy Policy - Protection of personal data at Sagis\u201e","isPartOf":{"@id":"https:\/\/sagis.lt\/#website"},"datePublished":"2026-03-10T22:59:53+00:00","dateModified":"2026-04-24T20:21:04+00:00","description":"Privacy policy: how personal data is processed, what your rights are under the GDPR and how information is stored on the Sagis website.","breadcrumb":{"@id":"https:\/\/sagis.lt\/privatumo-politika\/#breadcrumb"},"inLanguage":"en-GB","potentialAction":[{"@type":"ReadAction","target":["https:\/\/sagis.lt\/privatumo-politika\/"]}]},{"@type":"BreadcrumbList","@id":"https:\/\/sagis.lt\/privatumo-politika\/#breadcrumb","itemListElement":[{"@type":"ListItem","position":1,"name":"Prad\u017eia","item":"https:\/\/sagis.lt\/"},{"@type":"ListItem","position":2,"name":"Privatumo politika"}]},{"@type":"WebSite","@id":"https:\/\/sagis.lt\/#website","url":"https:\/\/sagis.lt\/","name":"sagis.lt","description":"Sagis Animal Hairdresser - Happy Dog, Beautiful Dog","publisher":{"@id":"https:\/\/sagis.lt\/#organization"},"potentialAction":[{"@type":"SearchAction","target":{"@type":"EntryPoint","urlTemplate":"https:\/\/sagis.lt\/?s={search_term_string}"},"query-input":{"@type":"PropertyValueSpecification","valueRequired":true,"valueName":"search_term_string"}}],"inLanguage":"en-GB"},{"@type":"Organization","@id":"https:\/\/sagis.lt\/#organization","name":"sagis.lt","alternateName":"Sagis kirpykla","url":"https:\/\/sagis.lt\/","logo":{"@type":"ImageObject","inLanguage":"en-GB","@id":"https:\/\/sagis.lt\/#\/schema\/logo\/image\/","url":"https:\/\/sagis.lt\/wp-content\/uploads\/2026\/03\/favicon.png","contentUrl":"https:\/\/sagis.lt\/wp-content\/uploads\/2026\/03\/favicon.png","width":512,"height":512,"caption":"sagis.lt"},"image":{"@id":"https:\/\/sagis.lt\/#\/schema\/logo\/image\/"},"sameAs":["https:\/\/www.facebook.com\/Gyvunukirpyklasagis?locale=lt_LT","https:\/\/www.instagram.com\/kirpyklasagis\/"]}]}},"_links":{"self":[{"href":"https:\/\/sagis.lt\/en\/wp-json\/wp\/v2\/pages\/54","targetHints":{"allow":["GET"]}}],"collection":[{"href":"https:\/\/sagis.lt\/en\/wp-json\/wp\/v2\/pages"}],"about":[{"href":"https:\/\/sagis.lt\/en\/wp-json\/wp\/v2\/types\/page"}],"author":[{"embeddable":true,"href":"https:\/\/sagis.lt\/en\/wp-json\/wp\/v2\/users\/1"}],"replies":[{"embeddable":true,"href":"https:\/\/sagis.lt\/en\/wp-json\/wp\/v2\/comments?post=54"}],"version-history":[{"count":0,"href":"https:\/\/sagis.lt\/en\/wp-json\/wp\/v2\/pages\/54\/revisions"}],"wp:attachment":[{"href":"https:\/\/sagis.lt\/en\/wp-json\/wp\/v2\/media?parent=54"}],"curies":[{"name":"wp","href":"https:\/\/api.w.org\/{rel}","templated":true}]}}