{"id":55,"date":"2026-03-11T01:00:36","date_gmt":"2026-03-10T23:00:36","guid":{"rendered":"https:\/\/sagis.lt\/?page_id=55"},"modified":"2026-04-24T23:20:49","modified_gmt":"2026-04-24T20:20:49","slug":"cookie-policy","status":"publish","type":"page","link":"https:\/\/sagis.lt\/en\/slapuku-politika\/","title":{"rendered":"Cookie Policy"},"content":{"rendered":"<div data-elementor-type=\"wp-page\" data-elementor-id=\"55\" class=\"elementor elementor-55\" data-elementor-post-type=\"page\">\n\t\t\t\t<div class=\"elementor-element elementor-element-e040430 e-flex e-con-boxed e-con e-parent\" data-id=\"e040430\" data-element_type=\"container\" data-e-type=\"container\">\n\t\t\t\t\t<div class=\"e-con-inner\">\n\t\t<div class=\"elementor-element elementor-element-074b9e8 e-con-full e-flex e-con e-child\" data-id=\"074b9e8\" data-element_type=\"container\" data-e-type=\"container\">\n\t\t\t\t<div class=\"elementor-element elementor-element-a8b4430 elementor-widget-mobile__width-initial elementor-invisible elementor-widget elementor-widget-heading\" data-id=\"a8b4430\" data-element_type=\"widget\" data-e-type=\"widget\" data-settings=\"{&quot;_animation&quot;:&quot;fadeInDown&quot;}\" data-widget_type=\"heading.default\">\n\t\t\t\t\t<h1 class=\"elementor-heading-title elementor-size-default\">Privacy Policy<\/h1>\t\t\t\t<\/div>\n\t\t\t\t<div class=\"elementor-element elementor-element-05e3a2d elementor-widget__width-inherit elementor-invisible elementor-widget elementor-widget-text-editor\" data-id=\"05e3a2d\" data-element_type=\"widget\" data-e-type=\"widget\" data-settings=\"{&quot;_animation&quot;:&quot;fadeIn&quot;,&quot;_animation_mobile&quot;:&quot;fadeIn&quot;}\" data-widget_type=\"text-editor.default\">\n\t\t\t\t\t\t\t\t\t<p class=\"p1\"><strong>Last updated: 2026-04-24<\/strong><\/p>\t\t\t\t\t\t\t\t<\/div>\n\t\t\t\t<div class=\"elementor-element elementor-element-5b6a860 elementor-widget__width-inherit elementor-invisible elementor-widget elementor-widget-text-editor\" data-id=\"5b6a860\" data-element_type=\"widget\" data-e-type=\"widget\" data-settings=\"{&quot;_animation&quot;:&quot;fadeIn&quot;,&quot;_animation_mobile&quot;:&quot;fadeIn&quot;}\" data-widget_type=\"text-editor.default\">\n\t\t\t\t\t\t\t\t\t<p class=\"p1\">This Cookie Policy explains how the website <strong>sagis.lt<\/strong> use of cookies and similar technologies.<\/p>\t\t\t\t\t\t\t\t<\/div>\n\t\t\t\t<\/div>\n\t\t<div class=\"elementor-element elementor-element-6f571f5 e-con-full e-flex e-con e-child\" data-id=\"6f571f5\" data-element_type=\"container\" data-e-type=\"container\">\n\t\t\t\t<div class=\"elementor-element elementor-element-64e72c9 elementor-widget__width-initial elementor-invisible elementor-widget elementor-widget-heading\" data-id=\"64e72c9\" data-element_type=\"widget\" data-e-type=\"widget\" data-settings=\"{&quot;_animation&quot;:&quot;fadeIn&quot;,&quot;_animation_delay&quot;:300}\" data-widget_type=\"heading.default\">\n\t\t\t\t\t<h2 class=\"elementor-heading-title elementor-size-default\">1. What are cookies?<\/h2>\t\t\t\t<\/div>\n\t\t\t\t<div class=\"elementor-element elementor-element-8c9a5cc elementor-widget__width-inherit elementor-invisible elementor-widget elementor-widget-text-editor\" data-id=\"8c9a5cc\" data-element_type=\"widget\" data-e-type=\"widget\" data-settings=\"{&quot;_animation&quot;:&quot;fadeIn&quot;,&quot;_animation_mobile&quot;:&quot;fadeIn&quot;}\" data-widget_type=\"text-editor.default\">\n\t\t\t\t\t\t\t\t\t<p data-start=\"652\" data-end=\"929\">Cookies are small text files that are placed on your device when you visit a website. Cookies help a website to recognise your device, to store certain information about your preferences or activities, and to make your browsing experience more comfortable and smooth.<\/p>\t\t\t\t\t\t\t\t<\/div>\n\t\t\t\t<\/div>\n\t\t<div class=\"elementor-element elementor-element-63eab1b e-con-full e-flex e-con e-child\" data-id=\"63eab1b\" data-element_type=\"container\" data-e-type=\"container\">\n\t\t\t\t<div class=\"elementor-element elementor-element-2fd4974 elementor-widget__width-initial elementor-invisible elementor-widget elementor-widget-heading\" data-id=\"2fd4974\" data-element_type=\"widget\" data-e-type=\"widget\" data-settings=\"{&quot;_animation&quot;:&quot;fadeIn&quot;,&quot;_animation_delay&quot;:300}\" data-widget_type=\"heading.default\">\n\t\t\t\t\t<h2 class=\"elementor-heading-title elementor-size-default\">2. What cookies do we use?<\/h2>\t\t\t\t<\/div>\n\t\t\t\t<div class=\"elementor-element elementor-element-f108afb elementor-widget__width-inherit elementor-invisible elementor-widget elementor-widget-text-editor\" data-id=\"f108afb\" data-element_type=\"widget\" data-e-type=\"widget\" data-settings=\"{&quot;_animation&quot;:&quot;fadeIn&quot;,&quot;_animation_mobile&quot;:&quot;fadeIn&quot;}\" data-widget_type=\"text-editor.default\">\n\t\t\t\t\t\t\t\t\t<p data-start=\"965\" data-end=\"1027\">On the website <strong data-start=\"976\" data-end=\"988\">sagis.lt<\/strong> the following types of cookies may be used:<\/p><p data-start=\"1029\" data-end=\"1304\"><strong data-start=\"1029\" data-end=\"1051\">Strictly necessary cookies<\/strong><br data-start=\"1051\" data-end=\"1054\" \/>These cookies are necessary for the basic functions of the website and for the technically correct functioning of the website. Without them, the website may not function properly. For essential cookies, separate consent is usually not required.<\/p><p data-start=\"1306\" data-end=\"1548\"><strong data-start=\"1306\" data-end=\"1329\">Functional cookies<\/strong><br data-start=\"1329\" data-end=\"1332\" \/>These cookies help us to remember your choices and improve your experience of the website. If such cookies are not necessary for the operation of the website, they are only used with your consent.<\/p><p data-start=\"1550\" data-end=\"1808\"><strong data-start=\"1550\" data-end=\"1574\">Analytical cookies<\/strong><br data-start=\"1574\" data-end=\"1577\" \/>These cookies are used to collect statistical information about website traffic, to analyse the use of the website and to improve its performance. They are only used with your explicit prior consent.<\/p><p data-start=\"1810\" data-end=\"2059\"><strong data-start=\"1810\" data-end=\"1842\">Marketing\/tracking cookies<\/strong><br data-start=\"1842\" data-end=\"1845\" \/>These cookies may be used to display personalised advertising or offers. If such cookies are used on the website, they will only be recorded with your prior consent.<\/p>\t\t\t\t\t\t\t\t<\/div>\n\t\t\t\t<\/div>\n\t\t<div class=\"elementor-element elementor-element-4f78951 e-con-full e-flex e-con e-child\" data-id=\"4f78951\" data-element_type=\"container\" data-e-type=\"container\">\n\t\t\t\t<div class=\"elementor-element elementor-element-3cb8434 elementor-widget__width-initial elementor-invisible elementor-widget elementor-widget-heading\" data-id=\"3cb8434\" data-element_type=\"widget\" data-e-type=\"widget\" data-settings=\"{&quot;_animation&quot;:&quot;fadeIn&quot;,&quot;_animation_delay&quot;:300}\" data-widget_type=\"heading.default\">\n\t\t\t\t\t<h2 class=\"elementor-heading-title elementor-size-default\">3. Why do we use cookies?<\/h2>\t\t\t\t<\/div>\n\t\t\t\t<div class=\"elementor-element elementor-element-df4eed1 elementor-widget__width-inherit elementor-invisible elementor-widget elementor-widget-text-editor\" data-id=\"df4eed1\" data-element_type=\"widget\" data-e-type=\"widget\" data-settings=\"{&quot;_animation&quot;:&quot;fadeIn&quot;,&quot;_animation_mobile&quot;:&quot;fadeIn&quot;}\" data-widget_type=\"text-editor.default\">\n\t\t\t\t\t\t\t\t\t<p data-start=\"2094\" data-end=\"2132\">Cookies may be used to:<\/p><ul data-start=\"2134\" data-end=\"2310\"><li data-start=\"2134\" data-end=\"2173\">ensure the proper functioning of the website;<\/li><li data-start=\"2174\" data-end=\"2204\">save your choices;<\/li><li data-start=\"2205\" data-end=\"2233\">improve the browsing experience;<\/li><li data-start=\"2234\" data-end=\"2278\">analyse website traffic statistics;<\/li><li data-start=\"2279\" data-end=\"2310\">ensure the security of your website.<\/li><\/ul>\t\t\t\t\t\t\t\t<\/div>\n\t\t\t\t<\/div>\n\t\t<div class=\"elementor-element elementor-element-e4b5865 e-con-full e-flex e-con e-child\" data-id=\"e4b5865\" data-element_type=\"container\" data-e-type=\"container\">\n\t\t\t\t<div class=\"elementor-element elementor-element-afa27e5 elementor-widget__width-initial elementor-invisible elementor-widget elementor-widget-heading\" data-id=\"afa27e5\" data-element_type=\"widget\" data-e-type=\"widget\" data-settings=\"{&quot;_animation&quot;:&quot;fadeIn&quot;,&quot;_animation_delay&quot;:300}\" data-widget_type=\"heading.default\">\n\t\t\t\t\t<h2 class=\"elementor-heading-title elementor-size-default\">4. Third party cookies<\/h2>\t\t\t\t<\/div>\n\t\t\t\t<div class=\"elementor-element elementor-element-f716e3a elementor-widget__width-inherit elementor-invisible elementor-widget elementor-widget-text-editor\" data-id=\"f716e3a\" data-element_type=\"widget\" data-e-type=\"widget\" data-settings=\"{&quot;_animation&quot;:&quot;fadeIn&quot;,&quot;_animation_mobile&quot;:&quot;fadeIn&quot;}\" data-widget_type=\"text-editor.default\">\n\t\t\t\t\t\t\t\t\t<p data-start=\"2343\" data-end=\"2634\">The website may also use third-party solutions such as maps, social network integrations or an external registration system. In such cases, certain cookies may also be set by the relevant third party service providers in accordance with their privacy and cookie policies.<\/p>\t\t\t\t\t\t\t\t<\/div>\n\t\t\t\t<\/div>\n\t\t<div class=\"elementor-element elementor-element-9c8dd99 e-con-full e-flex e-con e-child\" data-id=\"9c8dd99\" data-element_type=\"container\" data-e-type=\"container\">\n\t\t\t\t<div class=\"elementor-element elementor-element-b98e1c6 elementor-widget__width-initial elementor-invisible elementor-widget elementor-widget-heading\" data-id=\"b98e1c6\" data-element_type=\"widget\" data-e-type=\"widget\" data-settings=\"{&quot;_animation&quot;:&quot;fadeIn&quot;,&quot;_animation_delay&quot;:300}\" data-widget_type=\"heading.default\">\n\t\t\t\t\t<h2 class=\"elementor-heading-title elementor-size-default\">5. How can you manage cookies?<\/h2>\t\t\t\t<\/div>\n\t\t\t\t<div class=\"elementor-element elementor-element-233a0ee elementor-widget__width-inherit elementor-invisible elementor-widget elementor-widget-text-editor\" data-id=\"233a0ee\" data-element_type=\"widget\" data-e-type=\"widget\" data-settings=\"{&quot;_animation&quot;:&quot;fadeIn&quot;,&quot;_animation_mobile&quot;:&quot;fadeIn&quot;}\" data-widget_type=\"text-editor.default\">\n\t\t\t\t\t\t\t\t\t<p data-start=\"2673\" data-end=\"2716\">You can manage cookies in several ways:<\/p><ul data-start=\"2718\" data-end=\"2862\"><li data-start=\"2718\" data-end=\"2770\">by using the cookie preference box on the website;<\/li><li data-start=\"2771\" data-end=\"2810\">by changing your browser settings;<\/li><li data-start=\"2811\" data-end=\"2862\">by deleting the cookies already stored on your device.<\/li><\/ul><p data-start=\"2864\" data-end=\"2968\">Please note that if you disable the necessary cookies, some features of the website may not work properly.<\/p>\t\t\t\t\t\t\t\t<\/div>\n\t\t\t\t<\/div>\n\t\t<div class=\"elementor-element elementor-element-3b098f9 e-con-full e-flex e-con e-child\" data-id=\"3b098f9\" data-element_type=\"container\" data-e-type=\"container\">\n\t\t\t\t<div class=\"elementor-element elementor-element-cc1df44 elementor-widget__width-initial elementor-invisible elementor-widget elementor-widget-heading\" data-id=\"cc1df44\" data-element_type=\"widget\" data-e-type=\"widget\" data-settings=\"{&quot;_animation&quot;:&quot;fadeIn&quot;,&quot;_animation_delay&quot;:300}\" data-widget_type=\"heading.default\">\n\t\t\t\t\t<h2 class=\"elementor-heading-title elementor-size-default\">6. How do we get your consent?<\/h2>\t\t\t\t<\/div>\n\t\t\t\t<div class=\"elementor-element elementor-element-bf257dd elementor-widget__width-inherit elementor-invisible elementor-widget elementor-widget-text-editor\" data-id=\"bf257dd\" data-element_type=\"widget\" data-e-type=\"widget\" data-settings=\"{&quot;_animation&quot;:&quot;fadeIn&quot;,&quot;_animation_mobile&quot;:&quot;fadeIn&quot;}\" data-widget_type=\"text-editor.default\">\n\t\t\t\t\t\t\t\t\t<p data-start=\"2673\" data-end=\"2716\">Non-essential cookies are only used with your explicit prior consent. Consent must be given by an active action and you must be able to change or withdraw it at any time.<\/p>\t\t\t\t\t\t\t\t<\/div>\n\t\t\t\t<\/div>\n\t\t<div class=\"elementor-element elementor-element-79b306d e-con-full e-flex e-con e-child\" data-id=\"79b306d\" data-element_type=\"container\" data-e-type=\"container\">\n\t\t\t\t<div class=\"elementor-element elementor-element-d5d03e8 elementor-widget__width-initial elementor-invisible elementor-widget elementor-widget-heading\" data-id=\"d5d03e8\" data-element_type=\"widget\" data-e-type=\"widget\" data-settings=\"{&quot;_animation&quot;:&quot;fadeIn&quot;,&quot;_animation_delay&quot;:300}\" data-widget_type=\"heading.default\">\n\t\t\t\t\t<h2 class=\"elementor-heading-title elementor-size-default\">7. Changes to the Cookie Policy<\/h2>\t\t\t\t<\/div>\n\t\t\t\t<div class=\"elementor-element elementor-element-defe38f elementor-widget__width-inherit elementor-invisible elementor-widget elementor-widget-text-editor\" data-id=\"defe38f\" data-element_type=\"widget\" data-e-type=\"widget\" data-settings=\"{&quot;_animation&quot;:&quot;fadeIn&quot;,&quot;_animation_mobile&quot;:&quot;fadeIn&quot;}\" data-widget_type=\"text-editor.default\">\n\t\t\t\t\t\t\t\t\t<p data-start=\"3260\" data-end=\"3470\">This Cookie Policy may be updated if there are changes to the cookies used on the website, the technology used or applicable legal requirements. The latest version is always published on the website <strong data-start=\"3457\" data-end=\"3469\">sagis.lt<\/strong>.<\/p><p data-start=\"3472\" data-end=\"3619\">If we make material changes to this policy, we will communicate them clearly and appropriately, for example by posting a notice on our website.<\/p>\t\t\t\t\t\t\t\t<\/div>\n\t\t\t\t<\/div>\n\t\t<div class=\"elementor-element elementor-element-ac4a829 e-con-full e-flex e-con e-child\" data-id=\"ac4a829\" data-element_type=\"container\" data-e-type=\"container\">\n\t\t\t\t<div class=\"elementor-element elementor-element-e5ce079 elementor-widget__width-initial elementor-invisible elementor-widget elementor-widget-heading\" data-id=\"e5ce079\" data-element_type=\"widget\" data-e-type=\"widget\" data-settings=\"{&quot;_animation&quot;:&quot;fadeIn&quot;,&quot;_animation_delay&quot;:300}\" data-widget_type=\"heading.default\">\n\t\t\t\t\t<h2 class=\"elementor-heading-title elementor-size-default\">8. Contact us about the use of cookies<\/h2>\t\t\t\t<\/div>\n\t\t\t\t<div class=\"elementor-element elementor-element-75189b6 elementor-widget__width-inherit elementor-invisible elementor-widget elementor-widget-text-editor\" data-id=\"75189b6\" data-element_type=\"widget\" data-e-type=\"widget\" data-settings=\"{&quot;_animation&quot;:&quot;fadeIn&quot;,&quot;_animation_mobile&quot;:&quot;fadeIn&quot;}\" data-widget_type=\"text-editor.default\">\n\t\t\t\t\t\t\t\t\t<p data-start=\"2860\" data-end=\"2955\"><strong data-start=\"3642\" data-end=\"3651\">Albinas Mila\u0161ius<\/strong><br data-start=\"3651\" data-end=\"3654\" \/><strong data-start=\"3654\" data-end=\"3669\">Email:<\/strong> <a class=\"decorated-link cursor-pointer\" rel=\"noopener\" data-start=\"3670\" data-end=\"3696\">albinas.rinkevic@gmail.com<\/a><br data-start=\"3696\" data-end=\"3699\" \/><strong data-start=\"3699\" data-end=\"3708\">Tel..:<\/strong> +37067825094<\/p>\t\t\t\t\t\t\t\t<\/div>\n\t\t\t\t<\/div>\n\t\t\t\t\t<\/div>\n\t\t\t\t<\/div>\n\t\t\t\t<\/div>","protected":false},"excerpt":{"rendered":"<p>Privatumo politika Paskutin\u012f kart\u0105 atnaujinta: 2026-04-24 \u0160ioje Slapuk\u0173 politikoje paai\u0161kinama, kaip svetain\u0117je sagis.lt naudojami slapukai ir pana\u0161ios technologijos. 1. Kas yra slapukai? Slapukai \u2013 tai nedidel\u0117s tekstin\u0117s rinkmenos, kurios \u012fra\u0161omos \u012f j\u016bs\u0173 \u012frengin\u012f, kai lankot\u0117s interneto svetain\u0117je. Slapukai padeda svetainei atpa\u017einti j\u016bs\u0173 \u012frengin\u012f, i\u0161saugoti tam tikr\u0105 informacij\u0105 apie j\u016bs\u0173 pasirinkimus ar veikl\u0105 ir u\u017etikrinti patogesn\u012f [&hellip;]<\/p>\n","protected":false},"author":1,"featured_media":0,"parent":0,"menu_order":0,"comment_status":"closed","ping_status":"closed","template":"elementor_header_footer","meta":{"footnotes":""},"class_list":["post-55","page","type-page","status-publish","hentry"],"yoast_head":"<!-- This site is optimized with the Yoast SEO Premium plugin v27.0 (Yoast SEO v27.4) - https:\/\/yoast.com\/product\/yoast-seo-premium-wordpress\/ -->\n<title>Slapuk\u0173 politika \u2013 slapuk\u0173 naudojimas Sagis<\/title>\n<meta name=\"description\" content=\"Slapuk\u0173 politika: kas yra slapukai, kaip jie naudojami ir kaip galite valdyti savo sutikim\u0105 Sagis svetain\u0117je.\" \/>\n<meta name=\"robots\" content=\"index, follow, max-snippet:-1, max-image-preview:large, max-video-preview:-1\" \/>\n<link rel=\"canonical\" href=\"https:\/\/sagis.lt\/en\/cookie-policy\/\" \/>\n<meta property=\"og:locale\" content=\"en_GB\" \/>\n<meta property=\"og:type\" content=\"article\" \/>\n<meta property=\"og:title\" content=\"Slapuk\u0173 politika \u2013 slapuk\u0173 naudojimas Sagis\" \/>\n<meta property=\"og:description\" content=\"Slapuk\u0173 politika: kas yra slapukai, kaip jie naudojami ir kaip galite valdyti savo sutikim\u0105 Sagis svetain\u0117je.\" \/>\n<meta property=\"og:url\" content=\"https:\/\/sagis.lt\/en\/cookie-policy\/\" \/>\n<meta property=\"og:site_name\" content=\"sagis.lt\" \/>\n<meta property=\"article:publisher\" content=\"https:\/\/www.facebook.com\/Gyvunukirpyklasagis?locale=lt_LT\" \/>\n<meta property=\"article:modified_time\" content=\"2026-04-24T20:20:49+00:00\" \/>\n<meta property=\"og:image\" content=\"https:\/\/sagis.lt\/wp-content\/uploads\/2026\/03\/favicon.png\" \/>\n\t<meta property=\"og:image:width\" content=\"512\" \/>\n\t<meta property=\"og:image:height\" content=\"512\" \/>\n\t<meta property=\"og:image:type\" content=\"image\/png\" \/>\n<meta name=\"twitter:card\" content=\"summary_large_image\" \/>\n<meta name=\"twitter:title\" content=\"Slapuk\u0173 politika\" \/>\n<meta name=\"twitter:label1\" content=\"Estimated reading time\" \/>\n\t<meta name=\"twitter:data1\" content=\"3 minutes\" \/>\n<script type=\"application\/ld+json\" class=\"yoast-schema-graph\">{\"@context\":\"https:\\\/\\\/schema.org\",\"@graph\":[{\"@type\":\"WebPage\",\"@id\":\"https:\\\/\\\/sagis.lt\\\/slapuku-politika\\\/\",\"url\":\"https:\\\/\\\/sagis.lt\\\/slapuku-politika\\\/\",\"name\":\"Slapuk\u0173 politika \u2013 slapuk\u0173 naudojimas Sagis\",\"isPartOf\":{\"@id\":\"https:\\\/\\\/sagis.lt\\\/#website\"},\"datePublished\":\"2026-03-10T23:00:36+00:00\",\"dateModified\":\"2026-04-24T20:20:49+00:00\",\"description\":\"Slapuk\u0173 politika: kas yra slapukai, kaip jie naudojami ir kaip galite valdyti savo sutikim\u0105 Sagis svetain\u0117je.\",\"breadcrumb\":{\"@id\":\"https:\\\/\\\/sagis.lt\\\/slapuku-politika\\\/#breadcrumb\"},\"inLanguage\":\"en-GB\",\"potentialAction\":[{\"@type\":\"ReadAction\",\"target\":[\"https:\\\/\\\/sagis.lt\\\/slapuku-politika\\\/\"]}]},{\"@type\":\"BreadcrumbList\",\"@id\":\"https:\\\/\\\/sagis.lt\\\/slapuku-politika\\\/#breadcrumb\",\"itemListElement\":[{\"@type\":\"ListItem\",\"position\":1,\"name\":\"Prad\u017eia\",\"item\":\"https:\\\/\\\/sagis.lt\\\/\"},{\"@type\":\"ListItem\",\"position\":2,\"name\":\"Slapuk\u0173 politika\"}]},{\"@type\":\"WebSite\",\"@id\":\"https:\\\/\\\/sagis.lt\\\/#website\",\"url\":\"https:\\\/\\\/sagis.lt\\\/\",\"name\":\"sagis.lt\",\"description\":\"Gyv\u016bn\u0173 kirpykla Sagis - Laimingas \u0161uo, Gra\u017eus \u0161uo\",\"publisher\":{\"@id\":\"https:\\\/\\\/sagis.lt\\\/#organization\"},\"potentialAction\":[{\"@type\":\"SearchAction\",\"target\":{\"@type\":\"EntryPoint\",\"urlTemplate\":\"https:\\\/\\\/sagis.lt\\\/?s={search_term_string}\"},\"query-input\":{\"@type\":\"PropertyValueSpecification\",\"valueRequired\":true,\"valueName\":\"search_term_string\"}}],\"inLanguage\":\"en-GB\"},{\"@type\":\"Organization\",\"@id\":\"https:\\\/\\\/sagis.lt\\\/#organization\",\"name\":\"sagis.lt\",\"alternateName\":\"Sagis kirpykla\",\"url\":\"https:\\\/\\\/sagis.lt\\\/\",\"logo\":{\"@type\":\"ImageObject\",\"inLanguage\":\"en-GB\",\"@id\":\"https:\\\/\\\/sagis.lt\\\/#\\\/schema\\\/logo\\\/image\\\/\",\"url\":\"https:\\\/\\\/sagis.lt\\\/wp-content\\\/uploads\\\/2026\\\/03\\\/favicon.png\",\"contentUrl\":\"https:\\\/\\\/sagis.lt\\\/wp-content\\\/uploads\\\/2026\\\/03\\\/favicon.png\",\"width\":512,\"height\":512,\"caption\":\"sagis.lt\"},\"image\":{\"@id\":\"https:\\\/\\\/sagis.lt\\\/#\\\/schema\\\/logo\\\/image\\\/\"},\"sameAs\":[\"https:\\\/\\\/www.facebook.com\\\/Gyvunukirpyklasagis?locale=lt_LT\",\"https:\\\/\\\/www.instagram.com\\\/kirpyklasagis\\\/\"]}]}<\/script>\n<!-- \/ Yoast SEO Premium plugin. -->","yoast_head_json":{"title":"Cookie Policy - Use of Cookies at Sagis","description":"Cookie policy: what cookies are, how they are used and how you can manage your consent on the Sagis website.","robots":{"index":"index","follow":"follow","max-snippet":"max-snippet:-1","max-image-preview":"max-image-preview:large","max-video-preview":"max-video-preview:-1"},"canonical":"https:\/\/sagis.lt\/en\/cookie-policy\/","og_locale":"en_GB","og_type":"article","og_title":"Slapuk\u0173 politika \u2013 slapuk\u0173 naudojimas Sagis","og_description":"Slapuk\u0173 politika: kas yra slapukai, kaip jie naudojami ir kaip galite valdyti savo sutikim\u0105 Sagis svetain\u0117je.","og_url":"https:\/\/sagis.lt\/en\/cookie-policy\/","og_site_name":"sagis.lt","article_publisher":"https:\/\/www.facebook.com\/Gyvunukirpyklasagis?locale=lt_LT","article_modified_time":"2026-04-24T20:20:49+00:00","og_image":[{"width":512,"height":512,"url":"https:\/\/sagis.lt\/wp-content\/uploads\/2026\/03\/favicon.png","type":"image\/png"}],"twitter_card":"summary_large_image","twitter_title":"Slapuk\u0173 politika","twitter_misc":{"Estimated reading time":"3 minutes"},"schema":{"@context":"https:\/\/schema.org","@graph":[{"@type":"WebPage","@id":"https:\/\/sagis.lt\/slapuku-politika\/","url":"https:\/\/sagis.lt\/slapuku-politika\/","name":"Cookie Policy - Use of Cookies at Sagis","isPartOf":{"@id":"https:\/\/sagis.lt\/#website"},"datePublished":"2026-03-10T23:00:36+00:00","dateModified":"2026-04-24T20:20:49+00:00","description":"Cookie policy: what cookies are, how they are used and how you can manage your consent on the Sagis website.","breadcrumb":{"@id":"https:\/\/sagis.lt\/slapuku-politika\/#breadcrumb"},"inLanguage":"en-GB","potentialAction":[{"@type":"ReadAction","target":["https:\/\/sagis.lt\/slapuku-politika\/"]}]},{"@type":"BreadcrumbList","@id":"https:\/\/sagis.lt\/slapuku-politika\/#breadcrumb","itemListElement":[{"@type":"ListItem","position":1,"name":"Prad\u017eia","item":"https:\/\/sagis.lt\/"},{"@type":"ListItem","position":2,"name":"Slapuk\u0173 politika"}]},{"@type":"WebSite","@id":"https:\/\/sagis.lt\/#website","url":"https:\/\/sagis.lt\/","name":"sagis.lt","description":"Sagis Animal Hairdresser - Happy Dog, Beautiful Dog","publisher":{"@id":"https:\/\/sagis.lt\/#organization"},"potentialAction":[{"@type":"SearchAction","target":{"@type":"EntryPoint","urlTemplate":"https:\/\/sagis.lt\/?s={search_term_string}"},"query-input":{"@type":"PropertyValueSpecification","valueRequired":true,"valueName":"search_term_string"}}],"inLanguage":"en-GB"},{"@type":"Organization","@id":"https:\/\/sagis.lt\/#organization","name":"sagis.lt","alternateName":"Sagis kirpykla","url":"https:\/\/sagis.lt\/","logo":{"@type":"ImageObject","inLanguage":"en-GB","@id":"https:\/\/sagis.lt\/#\/schema\/logo\/image\/","url":"https:\/\/sagis.lt\/wp-content\/uploads\/2026\/03\/favicon.png","contentUrl":"https:\/\/sagis.lt\/wp-content\/uploads\/2026\/03\/favicon.png","width":512,"height":512,"caption":"sagis.lt"},"image":{"@id":"https:\/\/sagis.lt\/#\/schema\/logo\/image\/"},"sameAs":["https:\/\/www.facebook.com\/Gyvunukirpyklasagis?locale=lt_LT","https:\/\/www.instagram.com\/kirpyklasagis\/"]}]}},"_links":{"self":[{"href":"https:\/\/sagis.lt\/en\/wp-json\/wp\/v2\/pages\/55","targetHints":{"allow":["GET"]}}],"collection":[{"href":"https:\/\/sagis.lt\/en\/wp-json\/wp\/v2\/pages"}],"about":[{"href":"https:\/\/sagis.lt\/en\/wp-json\/wp\/v2\/types\/page"}],"author":[{"embeddable":true,"href":"https:\/\/sagis.lt\/en\/wp-json\/wp\/v2\/users\/1"}],"replies":[{"embeddable":true,"href":"https:\/\/sagis.lt\/en\/wp-json\/wp\/v2\/comments?post=55"}],"version-history":[{"count":0,"href":"https:\/\/sagis.lt\/en\/wp-json\/wp\/v2\/pages\/55\/revisions"}],"wp:attachment":[{"href":"https:\/\/sagis.lt\/en\/wp-json\/wp\/v2\/media?parent=55"}],"curies":[{"name":"wp","href":"https:\/\/api.w.org\/{rel}","templated":true}]}}