{"id":48,"date":"2026-03-11T00:58:25","date_gmt":"2026-03-10T22:58:25","guid":{"rendered":"https:\/\/sagis.lt\/?page_id=48"},"modified":"2026-04-24T22:18:04","modified_gmt":"2026-04-24T19:18:04","slug":"todos-los-derechos-reservados","status":"publish","type":"page","link":"https:\/\/sagis.lt\/es\/visos-teises-saugomos\/","title":{"rendered":"Todos los derechos reservados"},"content":{"rendered":"<div data-elementor-type=\"wp-page\" data-elementor-id=\"48\" class=\"elementor elementor-48\" data-elementor-post-type=\"page\">\n\t\t\t\t<div class=\"elementor-element elementor-element-50c13b5 e-flex e-con-boxed e-con e-parent\" data-id=\"50c13b5\" data-element_type=\"container\" data-e-type=\"container\">\n\t\t\t\t\t<div class=\"e-con-inner\">\n\t\t<div class=\"elementor-element elementor-element-ec98d8f e-con-full e-flex e-con e-child\" data-id=\"ec98d8f\" data-element_type=\"container\" data-e-type=\"container\">\n\t\t\t\t<div class=\"elementor-element elementor-element-27da6ce elementor-widget-mobile__width-initial elementor-invisible elementor-widget elementor-widget-heading\" data-id=\"27da6ce\" data-element_type=\"widget\" data-e-type=\"widget\" data-settings=\"{&quot;_animation&quot;:&quot;fadeInDown&quot;}\" data-widget_type=\"heading.default\">\n\t\t\t\t\t<h1 class=\"elementor-heading-title elementor-size-default\">Todos los derechos reservados<\/h1>\t\t\t\t<\/div>\n\t\t\t\t<div class=\"elementor-element elementor-element-e459190 elementor-widget__width-inherit elementor-invisible elementor-widget elementor-widget-text-editor\" data-id=\"e459190\" data-element_type=\"widget\" data-e-type=\"widget\" data-settings=\"{&quot;_animation&quot;:&quot;fadeIn&quot;,&quot;_animation_mobile&quot;:&quot;fadeIn&quot;}\" data-widget_type=\"text-editor.default\">\n\t\t\t\t\t\t\t\t\t<p class=\"p1\"><strong>\u00daltima actualizaci\u00f3n: 2026-04-24<\/strong><\/p>\t\t\t\t\t\t\t\t<\/div>\n\t\t\t\t<div class=\"elementor-element elementor-element-7f0ffce elementor-widget__width-inherit elementor-invisible elementor-widget elementor-widget-text-editor\" data-id=\"7f0ffce\" data-element_type=\"widget\" data-e-type=\"widget\" data-settings=\"{&quot;_animation&quot;:&quot;fadeIn&quot;,&quot;_animation_mobile&quot;:&quot;fadeIn&quot;}\" data-widget_type=\"text-editor.default\">\n\t\t\t\t\t\t\t\t\t<p class=\"p1\">P\u00e1gina web <strong data-start=\"131\" data-end=\"147\"><a class=\"decorated-link\" href=\"https:\/\/sagis.lt\/es\/\" target=\"_new\" rel=\"noopener\" data-start=\"133\" data-end=\"145\">www.sagis.lt<\/a><\/strong> disponible en <strong data-start=\"152\" data-end=\"161\">Hebilla<\/strong> propiedad.<\/p>\t\t\t\t\t\t\t\t<\/div>\n\t\t\t\t<div class=\"elementor-element elementor-element-3f25eab elementor-widget__width-inherit elementor-invisible elementor-widget elementor-widget-text-editor\" data-id=\"3f25eab\" data-element_type=\"widget\" data-e-type=\"widget\" data-settings=\"{&quot;_animation&quot;:&quot;fadeIn&quot;,&quot;_animation_mobile&quot;:&quot;fadeIn&quot;}\" data-widget_type=\"text-editor.default\">\n\t\t\t\t\t\t\t\t\t<p class=\"p1\"><strong data-start=\"174\" data-end=\"183\">Hebilla<\/strong> pretende garantizar que toda la informaci\u00f3n contenida en el sitio web sea exacta, pertinente y \u00fatil para los visitantes. Sin embargo, no garantizamos que toda la informaci\u00f3n proporcionada sea en todos los casos completamente exacta, completa o actualizada sin demora. Por lo tanto, no nos hacemos responsables de los da\u00f1os directos o indirectos que puedan derivarse del uso de la informaci\u00f3n de este sitio web.<\/p>\t\t\t\t\t\t\t\t<\/div>\n\t\t\t\t<\/div>\n\t\t<div class=\"elementor-element elementor-element-b267b58 e-con-full e-flex e-con e-child\" data-id=\"b267b58\" data-element_type=\"container\" data-e-type=\"container\">\n\t\t\t\t<div class=\"elementor-element elementor-element-76e897c elementor-widget__width-initial elementor-invisible elementor-widget elementor-widget-heading\" data-id=\"76e897c\" data-element_type=\"widget\" data-e-type=\"widget\" data-settings=\"{&quot;_animation&quot;:&quot;fadeIn&quot;,&quot;_animation_delay&quot;:300}\" data-widget_type=\"heading.default\">\n\t\t\t\t\t<h2 class=\"elementor-heading-title elementor-size-default\">1. 1. Propiedad intelectual<\/h2>\t\t\t\t<\/div>\n\t\t\t\t<div class=\"elementor-element elementor-element-27a3f89 elementor-widget__width-inherit elementor-invisible elementor-widget elementor-widget-text-editor\" data-id=\"27a3f89\" data-element_type=\"widget\" data-e-type=\"widget\" data-settings=\"{&quot;_animation&quot;:&quot;fadeIn&quot;,&quot;_animation_mobile&quot;:&quot;fadeIn&quot;}\" data-widget_type=\"text-editor.default\">\n\t\t\t\t\t\t\t\t\t<p data-start=\"585\" data-end=\"778\">Todo el sitio web <strong data-start=\"601\" data-end=\"617\"><a class=\"decorated-link\" href=\"https:\/\/sagis.lt\/es\/\" target=\"_new\" rel=\"noopener\" data-start=\"603\" data-end=\"615\">www.sagis.lt<\/a><\/strong> el material proporcionado, incluidos textos, fotograf\u00edas, logotipos, elementos de dise\u00f1o, material visual y otros contenidos, es <strong data-start=\"734\" data-end=\"743\">Hebilla<\/strong> propiedad o uso legal.<\/p><p data-start=\"780\" data-end=\"834\">Sin previa notificaci\u00f3n por escrito <strong data-start=\"804\" data-end=\"813\">Hebilla<\/strong> consentimiento:<\/p><ul data-start=\"836\" data-end=\"1074\"><li data-start=\"836\" data-end=\"888\">copiar, reproducir o distribuir el contenido del sitio web;<\/li><li data-start=\"889\" data-end=\"972\">utilizar el contenido del sitio web con fines comerciales, promocionales o de distribuci\u00f3n de otro tipo;<\/li><li data-start=\"973\" data-end=\"1074\">publicar el contenido del sitio web en otro sitio web, redes sociales o medios de comunicaci\u00f3n.<\/li><\/ul><p data-start=\"1076\" data-end=\"1170\">Si se autoriza el uso de contenidos, debe identificarse claramente la fuente. <strong data-start=\"1153\" data-end=\"1169\"><a class=\"decorated-link\" href=\"https:\/\/sagis.lt\/es\/\" target=\"_new\" rel=\"noopener\" data-start=\"1155\" data-end=\"1167\">www.sagis.lt<\/a><\/strong>.<\/p>\t\t\t\t\t\t\t\t<\/div>\n\t\t\t\t<\/div>\n\t\t<div class=\"elementor-element elementor-element-1ed5ef4 e-con-full e-flex e-con e-child\" data-id=\"1ed5ef4\" data-element_type=\"container\" data-e-type=\"container\">\n\t\t\t\t<div class=\"elementor-element elementor-element-eefb7b5 elementor-widget__width-initial elementor-invisible elementor-widget elementor-widget-heading\" data-id=\"eefb7b5\" data-element_type=\"widget\" data-e-type=\"widget\" data-settings=\"{&quot;_animation&quot;:&quot;fadeIn&quot;,&quot;_animation_delay&quot;:300}\" data-widget_type=\"heading.default\">\n\t\t\t\t\t<h2 class=\"elementor-heading-title elementor-size-default\">2. Autorizaci\u00f3n<\/h2>\t\t\t\t<\/div>\n\t\t\t\t<div class=\"elementor-element elementor-element-0048d4f elementor-widget__width-inherit elementor-invisible elementor-widget elementor-widget-text-editor\" data-id=\"0048d4f\" data-element_type=\"widget\" data-e-type=\"widget\" data-settings=\"{&quot;_animation&quot;:&quot;fadeIn&quot;,&quot;_animation_mobile&quot;:&quot;fadeIn&quot;}\" data-widget_type=\"text-editor.default\">\n\t\t\t\t\t\t\t\t\t<p data-start=\"585\" data-end=\"778\">Si desea utilizar el sitio web <strong data-start=\"1229\" data-end=\"1245\"><a class=\"decorated-link\" href=\"https:\/\/sagis.lt\/es\/\" target=\"_new\" rel=\"noopener\" data-start=\"1231\" data-end=\"1243\">www.sagis.lt<\/a><\/strong> contenido o parte del mismo, p\u00f3ngase en contacto con nosotros por correo electr\u00f3nico: <strong data-start=\"1293\" data-end=\"1323\"><a class=\"decorated-link cursor-pointer\" rel=\"noopener\" data-start=\"1295\" data-end=\"1321\">albinas.rinkevic@gmail.com<\/a><\/strong><\/p>\t\t\t\t\t\t\t\t<\/div>\n\t\t\t\t<\/div>\n\t\t<div class=\"elementor-element elementor-element-9eaf65b e-con-full e-flex e-con e-child\" data-id=\"9eaf65b\" data-element_type=\"container\" data-e-type=\"container\">\n\t\t\t\t<div class=\"elementor-element elementor-element-72ad03d elementor-widget__width-initial elementor-invisible elementor-widget elementor-widget-heading\" data-id=\"72ad03d\" data-element_type=\"widget\" data-e-type=\"widget\" data-settings=\"{&quot;_animation&quot;:&quot;fadeIn&quot;,&quot;_animation_delay&quot;:300}\" data-widget_type=\"heading.default\">\n\t\t\t\t\t<h2 class=\"elementor-heading-title elementor-size-default\">3. Enlaces a sitios web de terceros<\/h2>\t\t\t\t<\/div>\n\t\t\t\t<div class=\"elementor-element elementor-element-130da77 elementor-widget__width-inherit elementor-invisible elementor-widget elementor-widget-text-editor\" data-id=\"130da77\" data-element_type=\"widget\" data-e-type=\"widget\" data-settings=\"{&quot;_animation&quot;:&quot;fadeIn&quot;,&quot;_animation_mobile&quot;:&quot;fadeIn&quot;}\" data-widget_type=\"text-editor.default\">\n\t\t\t\t\t\t\t\t\t<p data-start=\"2860\" data-end=\"2955\">El Sitio Web puede contener enlaces a sitios web de terceros o a fuentes externas. <strong data-start=\"1471\" data-end=\"1480\">Hebilla<\/strong> no es responsable del contenido, exactitud, seguridad o pr\u00e1cticas de privacidad de dichos sitios y no tiene control sobre sus actividades.<\/p>\t\t\t\t\t\t\t\t<\/div>\n\t\t\t\t<\/div>\n\t\t\t\t\t<\/div>\n\t\t\t\t<\/div>\n\t\t\t\t<\/div>","protected":false},"excerpt":{"rendered":"<p>Visos teis\u0117s saugomos Paskutin\u012f kart\u0105 atnaujinta: 2026-04-24 Svetain\u0117 www.sagis.lt yra Sagis nuosavyb\u0117. Sagis siekia, kad visa svetain\u0117je pateikiama informacija b\u016bt\u0173 tiksli, aktuali ir naudinga lankytojams. Ta\u010diau negarantuojame, kad visa pateikiama informacija visais atvejais bus visi\u0161kai tiksli, i\u0161sami ar atnaujinta be jokio v\u0117lavimo. Tod\u0117l neatsakome u\u017e jokius tiesioginius ar netiesioginius nuostolius, kurie gali atsirasti naudojantis \u0161ioje [&hellip;]<\/p>\n","protected":false},"author":1,"featured_media":0,"parent":0,"menu_order":0,"comment_status":"closed","ping_status":"closed","template":"elementor_header_footer","meta":{"footnotes":""},"class_list":["post-48","page","type-page","status-publish","hentry"],"yoast_head":"<!-- This site is optimized with the Yoast SEO Premium plugin v27.0 (Yoast SEO v27.4) - https:\/\/yoast.com\/product\/yoast-seo-premium-wordpress\/ -->\n<title>Visos teis\u0117s saugomos \u2013 Sagis svetain\u0117s s\u0105lygos<\/title>\n<meta name=\"description\" content=\"Visos teis\u0117s saugomos: informacija apie Sagis svetain\u0117s turinio naudojim\u0105, intelektin\u0119 nuosavyb\u0119 ir atsakomyb\u0117s ribojim\u0105.\" \/>\n<meta name=\"robots\" content=\"index, follow, max-snippet:-1, max-image-preview:large, max-video-preview:-1\" \/>\n<link rel=\"canonical\" href=\"https:\/\/sagis.lt\/es\/todos-los-derechos-reservados\/\" \/>\n<meta property=\"og:locale\" content=\"es_ES\" \/>\n<meta property=\"og:type\" content=\"article\" \/>\n<meta property=\"og:title\" content=\"Visos teis\u0117s saugomos \u2013 Sagis svetain\u0117s s\u0105lygos\" \/>\n<meta property=\"og:description\" content=\"Visos teis\u0117s saugomos: informacija apie Sagis svetain\u0117s turinio naudojim\u0105, intelektin\u0119 nuosavyb\u0119 ir atsakomyb\u0117s ribojim\u0105.\" \/>\n<meta property=\"og:url\" content=\"https:\/\/sagis.lt\/es\/todos-los-derechos-reservados\/\" \/>\n<meta property=\"og:site_name\" content=\"sagis.lt\" \/>\n<meta property=\"article:publisher\" content=\"https:\/\/www.facebook.com\/Gyvunukirpyklasagis?locale=lt_LT\" \/>\n<meta property=\"article:modified_time\" content=\"2026-04-24T19:18:04+00:00\" \/>\n<meta property=\"og:image\" content=\"https:\/\/sagis.lt\/wp-content\/uploads\/2026\/03\/favicon.png\" \/>\n\t<meta property=\"og:image:width\" content=\"512\" \/>\n\t<meta property=\"og:image:height\" content=\"512\" \/>\n\t<meta property=\"og:image:type\" content=\"image\/png\" \/>\n<meta name=\"twitter:card\" content=\"summary_large_image\" \/>\n<meta name=\"twitter:title\" content=\"Visos teis\u0117s saugomos\" \/>\n<meta name=\"twitter:label1\" content=\"Tiempo de lectura\" \/>\n\t<meta name=\"twitter:data1\" content=\"1 minuto\" \/>\n<script type=\"application\/ld+json\" class=\"yoast-schema-graph\">{\"@context\":\"https:\\\/\\\/schema.org\",\"@graph\":[{\"@type\":\"WebPage\",\"@id\":\"https:\\\/\\\/sagis.lt\\\/visos-teises-saugomos\\\/\",\"url\":\"https:\\\/\\\/sagis.lt\\\/visos-teises-saugomos\\\/\",\"name\":\"Visos teis\u0117s saugomos \u2013 Sagis svetain\u0117s s\u0105lygos\",\"isPartOf\":{\"@id\":\"https:\\\/\\\/sagis.lt\\\/#website\"},\"datePublished\":\"2026-03-10T22:58:25+00:00\",\"dateModified\":\"2026-04-24T19:18:04+00:00\",\"description\":\"Visos teis\u0117s saugomos: informacija apie Sagis svetain\u0117s turinio naudojim\u0105, intelektin\u0119 nuosavyb\u0119 ir atsakomyb\u0117s ribojim\u0105.\",\"breadcrumb\":{\"@id\":\"https:\\\/\\\/sagis.lt\\\/visos-teises-saugomos\\\/#breadcrumb\"},\"inLanguage\":\"es\",\"potentialAction\":[{\"@type\":\"ReadAction\",\"target\":[\"https:\\\/\\\/sagis.lt\\\/visos-teises-saugomos\\\/\"]}]},{\"@type\":\"BreadcrumbList\",\"@id\":\"https:\\\/\\\/sagis.lt\\\/visos-teises-saugomos\\\/#breadcrumb\",\"itemListElement\":[{\"@type\":\"ListItem\",\"position\":1,\"name\":\"Prad\u017eia\",\"item\":\"https:\\\/\\\/sagis.lt\\\/\"},{\"@type\":\"ListItem\",\"position\":2,\"name\":\"Visos teis\u0117s saugomos\"}]},{\"@type\":\"WebSite\",\"@id\":\"https:\\\/\\\/sagis.lt\\\/#website\",\"url\":\"https:\\\/\\\/sagis.lt\\\/\",\"name\":\"sagis.lt\",\"description\":\"Gyv\u016bn\u0173 kirpykla Sagis - Laimingas \u0161uo, Gra\u017eus \u0161uo\",\"publisher\":{\"@id\":\"https:\\\/\\\/sagis.lt\\\/#organization\"},\"potentialAction\":[{\"@type\":\"SearchAction\",\"target\":{\"@type\":\"EntryPoint\",\"urlTemplate\":\"https:\\\/\\\/sagis.lt\\\/?s={search_term_string}\"},\"query-input\":{\"@type\":\"PropertyValueSpecification\",\"valueRequired\":true,\"valueName\":\"search_term_string\"}}],\"inLanguage\":\"es\"},{\"@type\":\"Organization\",\"@id\":\"https:\\\/\\\/sagis.lt\\\/#organization\",\"name\":\"sagis.lt\",\"alternateName\":\"Sagis kirpykla\",\"url\":\"https:\\\/\\\/sagis.lt\\\/\",\"logo\":{\"@type\":\"ImageObject\",\"inLanguage\":\"es\",\"@id\":\"https:\\\/\\\/sagis.lt\\\/#\\\/schema\\\/logo\\\/image\\\/\",\"url\":\"https:\\\/\\\/sagis.lt\\\/wp-content\\\/uploads\\\/2026\\\/03\\\/favicon.png\",\"contentUrl\":\"https:\\\/\\\/sagis.lt\\\/wp-content\\\/uploads\\\/2026\\\/03\\\/favicon.png\",\"width\":512,\"height\":512,\"caption\":\"sagis.lt\"},\"image\":{\"@id\":\"https:\\\/\\\/sagis.lt\\\/#\\\/schema\\\/logo\\\/image\\\/\"},\"sameAs\":[\"https:\\\/\\\/www.facebook.com\\\/Gyvunukirpyklasagis?locale=lt_LT\",\"https:\\\/\\\/www.instagram.com\\\/kirpyklasagis\\\/\"]}]}<\/script>\n<!-- \/ Yoast SEO Premium plugin. -->","yoast_head_json":{"title":"Todos los derechos reservados - Sagis Website Terms and Conditions","description":"Todos los derechos reservados: informaci\u00f3n sobre el uso del contenido del sitio web de Sagis, propiedad intelectual y descargo de responsabilidad.","robots":{"index":"index","follow":"follow","max-snippet":"max-snippet:-1","max-image-preview":"max-image-preview:large","max-video-preview":"max-video-preview:-1"},"canonical":"https:\/\/sagis.lt\/es\/todos-los-derechos-reservados\/","og_locale":"es_ES","og_type":"article","og_title":"Visos teis\u0117s saugomos \u2013 Sagis svetain\u0117s s\u0105lygos","og_description":"Visos teis\u0117s saugomos: informacija apie Sagis svetain\u0117s turinio naudojim\u0105, intelektin\u0119 nuosavyb\u0119 ir atsakomyb\u0117s ribojim\u0105.","og_url":"https:\/\/sagis.lt\/es\/todos-los-derechos-reservados\/","og_site_name":"sagis.lt","article_publisher":"https:\/\/www.facebook.com\/Gyvunukirpyklasagis?locale=lt_LT","article_modified_time":"2026-04-24T19:18:04+00:00","og_image":[{"width":512,"height":512,"url":"https:\/\/sagis.lt\/wp-content\/uploads\/2026\/03\/favicon.png","type":"image\/png"}],"twitter_card":"summary_large_image","twitter_title":"Visos teis\u0117s saugomos","twitter_misc":{"Tiempo de lectura":"1 minuto"},"schema":{"@context":"https:\/\/schema.org","@graph":[{"@type":"WebPage","@id":"https:\/\/sagis.lt\/visos-teises-saugomos\/","url":"https:\/\/sagis.lt\/visos-teises-saugomos\/","name":"Todos los derechos reservados - Sagis Website Terms and Conditions","isPartOf":{"@id":"https:\/\/sagis.lt\/#website"},"datePublished":"2026-03-10T22:58:25+00:00","dateModified":"2026-04-24T19:18:04+00:00","description":"Todos los derechos reservados: informaci\u00f3n sobre el uso del contenido del sitio web de Sagis, propiedad intelectual y descargo de responsabilidad.","breadcrumb":{"@id":"https:\/\/sagis.lt\/visos-teises-saugomos\/#breadcrumb"},"inLanguage":"es","potentialAction":[{"@type":"ReadAction","target":["https:\/\/sagis.lt\/visos-teises-saugomos\/"]}]},{"@type":"BreadcrumbList","@id":"https:\/\/sagis.lt\/visos-teises-saugomos\/#breadcrumb","itemListElement":[{"@type":"ListItem","position":1,"name":"Prad\u017eia","item":"https:\/\/sagis.lt\/"},{"@type":"ListItem","position":2,"name":"Visos teis\u0117s saugomos"}]},{"@type":"WebSite","@id":"https:\/\/sagis.lt\/#website","url":"https:\/\/sagis.lt\/","name":"sagis.lt","description":"Sagis Peluquer\u00eda Animal - Perro feliz, perro bonito","publisher":{"@id":"https:\/\/sagis.lt\/#organization"},"potentialAction":[{"@type":"SearchAction","target":{"@type":"EntryPoint","urlTemplate":"https:\/\/sagis.lt\/?s={search_term_string}"},"query-input":{"@type":"PropertyValueSpecification","valueRequired":true,"valueName":"search_term_string"}}],"inLanguage":"es"},{"@type":"Organization","@id":"https:\/\/sagis.lt\/#organization","name":"sagis.lt","alternateName":"Sagis kirpykla","url":"https:\/\/sagis.lt\/","logo":{"@type":"ImageObject","inLanguage":"es","@id":"https:\/\/sagis.lt\/#\/schema\/logo\/image\/","url":"https:\/\/sagis.lt\/wp-content\/uploads\/2026\/03\/favicon.png","contentUrl":"https:\/\/sagis.lt\/wp-content\/uploads\/2026\/03\/favicon.png","width":512,"height":512,"caption":"sagis.lt"},"image":{"@id":"https:\/\/sagis.lt\/#\/schema\/logo\/image\/"},"sameAs":["https:\/\/www.facebook.com\/Gyvunukirpyklasagis?locale=lt_LT","https:\/\/www.instagram.com\/kirpyklasagis\/"]}]}},"_links":{"self":[{"href":"https:\/\/sagis.lt\/es\/wp-json\/wp\/v2\/pages\/48","targetHints":{"allow":["GET"]}}],"collection":[{"href":"https:\/\/sagis.lt\/es\/wp-json\/wp\/v2\/pages"}],"about":[{"href":"https:\/\/sagis.lt\/es\/wp-json\/wp\/v2\/types\/page"}],"author":[{"embeddable":true,"href":"https:\/\/sagis.lt\/es\/wp-json\/wp\/v2\/users\/1"}],"replies":[{"embeddable":true,"href":"https:\/\/sagis.lt\/es\/wp-json\/wp\/v2\/comments?post=48"}],"version-history":[{"count":0,"href":"https:\/\/sagis.lt\/es\/wp-json\/wp\/v2\/pages\/48\/revisions"}],"wp:attachment":[{"href":"https:\/\/sagis.lt\/es\/wp-json\/wp\/v2\/media?parent=48"}],"curies":[{"name":"wp","href":"https:\/\/api.w.org\/{rel}","templated":true}]}}