{"id":55,"date":"2026-03-11T01:00:36","date_gmt":"2026-03-10T23:00:36","guid":{"rendered":"https:\/\/sagis.lt\/?page_id=55"},"modified":"2026-04-24T23:20:49","modified_gmt":"2026-04-24T20:20:49","slug":"politica-de-cookies","status":"publish","type":"page","link":"https:\/\/sagis.lt\/es\/slapuku-politika\/","title":{"rendered":"Pol\u00edtica de cookies"},"content":{"rendered":"<div data-elementor-type=\"wp-page\" data-elementor-id=\"55\" class=\"elementor elementor-55\" data-elementor-post-type=\"page\">\n\t\t\t\t<div class=\"elementor-element elementor-element-e040430 e-flex e-con-boxed e-con e-parent\" data-id=\"e040430\" data-element_type=\"container\" data-e-type=\"container\">\n\t\t\t\t\t<div class=\"e-con-inner\">\n\t\t<div class=\"elementor-element elementor-element-074b9e8 e-con-full e-flex e-con e-child\" data-id=\"074b9e8\" data-element_type=\"container\" data-e-type=\"container\">\n\t\t\t\t<div class=\"elementor-element elementor-element-a8b4430 elementor-widget-mobile__width-initial elementor-invisible elementor-widget elementor-widget-heading\" data-id=\"a8b4430\" data-element_type=\"widget\" data-e-type=\"widget\" data-settings=\"{&quot;_animation&quot;:&quot;fadeInDown&quot;}\" data-widget_type=\"heading.default\">\n\t\t\t\t\t<h1 class=\"elementor-heading-title elementor-size-default\">Pol\u00edtica de privacidad<\/h1>\t\t\t\t<\/div>\n\t\t\t\t<div class=\"elementor-element elementor-element-05e3a2d elementor-widget__width-inherit elementor-invisible elementor-widget elementor-widget-text-editor\" data-id=\"05e3a2d\" data-element_type=\"widget\" data-e-type=\"widget\" data-settings=\"{&quot;_animation&quot;:&quot;fadeIn&quot;,&quot;_animation_mobile&quot;:&quot;fadeIn&quot;}\" data-widget_type=\"text-editor.default\">\n\t\t\t\t\t\t\t\t\t<p class=\"p1\"><strong>\u00daltima actualizaci\u00f3n: 2026-04-24<\/strong><\/p>\t\t\t\t\t\t\t\t<\/div>\n\t\t\t\t<div class=\"elementor-element elementor-element-5b6a860 elementor-widget__width-inherit elementor-invisible elementor-widget elementor-widget-text-editor\" data-id=\"5b6a860\" data-element_type=\"widget\" data-e-type=\"widget\" data-settings=\"{&quot;_animation&quot;:&quot;fadeIn&quot;,&quot;_animation_mobile&quot;:&quot;fadeIn&quot;}\" data-widget_type=\"text-editor.default\">\n\t\t\t\t\t\t\t\t\t<p class=\"p1\">Esta Pol\u00edtica de cookies explica c\u00f3mo el sitio web <strong>sagis.lt<\/strong> uso de cookies y tecnolog\u00edas similares.<\/p>\t\t\t\t\t\t\t\t<\/div>\n\t\t\t\t<\/div>\n\t\t<div class=\"elementor-element elementor-element-6f571f5 e-con-full e-flex e-con e-child\" data-id=\"6f571f5\" data-element_type=\"container\" data-e-type=\"container\">\n\t\t\t\t<div class=\"elementor-element elementor-element-64e72c9 elementor-widget__width-initial elementor-invisible elementor-widget elementor-widget-heading\" data-id=\"64e72c9\" data-element_type=\"widget\" data-e-type=\"widget\" data-settings=\"{&quot;_animation&quot;:&quot;fadeIn&quot;,&quot;_animation_delay&quot;:300}\" data-widget_type=\"heading.default\">\n\t\t\t\t\t<h2 class=\"elementor-heading-title elementor-size-default\">1. \u00bfQu\u00e9 son las cookies?<\/h2>\t\t\t\t<\/div>\n\t\t\t\t<div class=\"elementor-element elementor-element-8c9a5cc elementor-widget__width-inherit elementor-invisible elementor-widget elementor-widget-text-editor\" data-id=\"8c9a5cc\" data-element_type=\"widget\" data-e-type=\"widget\" data-settings=\"{&quot;_animation&quot;:&quot;fadeIn&quot;,&quot;_animation_mobile&quot;:&quot;fadeIn&quot;}\" data-widget_type=\"text-editor.default\">\n\t\t\t\t\t\t\t\t\t<p data-start=\"652\" data-end=\"929\">Las cookies son peque\u00f1os archivos de texto que se colocan en su dispositivo cuando visita un sitio web. Las cookies ayudan a un sitio web a reconocer su dispositivo, almacenar cierta informaci\u00f3n sobre sus preferencias o actividades y hacer que su experiencia de navegaci\u00f3n sea m\u00e1s c\u00f3moda y fluida.<\/p>\t\t\t\t\t\t\t\t<\/div>\n\t\t\t\t<\/div>\n\t\t<div class=\"elementor-element elementor-element-63eab1b e-con-full e-flex e-con e-child\" data-id=\"63eab1b\" data-element_type=\"container\" data-e-type=\"container\">\n\t\t\t\t<div class=\"elementor-element elementor-element-2fd4974 elementor-widget__width-initial elementor-invisible elementor-widget elementor-widget-heading\" data-id=\"2fd4974\" data-element_type=\"widget\" data-e-type=\"widget\" data-settings=\"{&quot;_animation&quot;:&quot;fadeIn&quot;,&quot;_animation_delay&quot;:300}\" data-widget_type=\"heading.default\">\n\t\t\t\t\t<h2 class=\"elementor-heading-title elementor-size-default\">2. \u00bfQu\u00e9 cookies utilizamos?<\/h2>\t\t\t\t<\/div>\n\t\t\t\t<div class=\"elementor-element elementor-element-f108afb elementor-widget__width-inherit elementor-invisible elementor-widget elementor-widget-text-editor\" data-id=\"f108afb\" data-element_type=\"widget\" data-e-type=\"widget\" data-settings=\"{&quot;_animation&quot;:&quot;fadeIn&quot;,&quot;_animation_mobile&quot;:&quot;fadeIn&quot;}\" data-widget_type=\"text-editor.default\">\n\t\t\t\t\t\t\t\t\t<p data-start=\"965\" data-end=\"1027\">En el sitio web <strong data-start=\"976\" data-end=\"988\">sagis.lt<\/strong> pueden utilizarse los siguientes tipos de cookies:<\/p><p data-start=\"1029\" data-end=\"1304\"><strong data-start=\"1029\" data-end=\"1051\">Cookies estrictamente necesarias<\/strong><br data-start=\"1051\" data-end=\"1054\" \/>Estas cookies son necesarias para las funciones b\u00e1sicas del sitio web y para su correcto funcionamiento t\u00e9cnico. Sin ellas, el sitio web podr\u00eda no funcionar correctamente. En el caso de las cookies esenciales, no suele ser necesario el consentimiento por separado.<\/p><p data-start=\"1306\" data-end=\"1548\"><strong data-start=\"1306\" data-end=\"1329\">Cookies funcionales<\/strong><br data-start=\"1329\" data-end=\"1332\" \/>Estas cookies nos ayudan a recordar sus elecciones y a mejorar su experiencia en el sitio web. Si dichas cookies no son necesarias para el funcionamiento del sitio web, solo se utilizan con su consentimiento.<\/p><p data-start=\"1550\" data-end=\"1808\"><strong data-start=\"1550\" data-end=\"1574\">Cookies anal\u00edticas<\/strong><br data-start=\"1574\" data-end=\"1577\" \/>Estas cookies se utilizan para recopilar informaci\u00f3n estad\u00edstica sobre el tr\u00e1fico del sitio web, analizar su uso y mejorar su rendimiento. Solo se utilizan con su consentimiento previo expl\u00edcito.<\/p><p data-start=\"1810\" data-end=\"2059\"><strong data-start=\"1810\" data-end=\"1842\">Cookies de marketing\/seguimiento<\/strong><br data-start=\"1842\" data-end=\"1845\" \/>Estas cookies pueden utilizarse para mostrar publicidad u ofertas personalizadas. Si se utilizan este tipo de cookies en el sitio web, solo se registrar\u00e1n con su consentimiento previo.<\/p>\t\t\t\t\t\t\t\t<\/div>\n\t\t\t\t<\/div>\n\t\t<div class=\"elementor-element elementor-element-4f78951 e-con-full e-flex e-con e-child\" data-id=\"4f78951\" data-element_type=\"container\" data-e-type=\"container\">\n\t\t\t\t<div class=\"elementor-element elementor-element-3cb8434 elementor-widget__width-initial elementor-invisible elementor-widget elementor-widget-heading\" data-id=\"3cb8434\" data-element_type=\"widget\" data-e-type=\"widget\" data-settings=\"{&quot;_animation&quot;:&quot;fadeIn&quot;,&quot;_animation_delay&quot;:300}\" data-widget_type=\"heading.default\">\n\t\t\t\t\t<h2 class=\"elementor-heading-title elementor-size-default\">3. \u00bfPor qu\u00e9 utilizamos cookies?<\/h2>\t\t\t\t<\/div>\n\t\t\t\t<div class=\"elementor-element elementor-element-df4eed1 elementor-widget__width-inherit elementor-invisible elementor-widget elementor-widget-text-editor\" data-id=\"df4eed1\" data-element_type=\"widget\" data-e-type=\"widget\" data-settings=\"{&quot;_animation&quot;:&quot;fadeIn&quot;,&quot;_animation_mobile&quot;:&quot;fadeIn&quot;}\" data-widget_type=\"text-editor.default\">\n\t\t\t\t\t\t\t\t\t<p data-start=\"2094\" data-end=\"2132\">Las cookies pueden utilizarse para:<\/p><ul data-start=\"2134\" data-end=\"2310\"><li data-start=\"2134\" data-end=\"2173\">garantizar el buen funcionamiento del sitio web;<\/li><li data-start=\"2174\" data-end=\"2204\">guarda tus elecciones;<\/li><li data-start=\"2205\" data-end=\"2233\">mejorar la experiencia de navegaci\u00f3n;<\/li><li data-start=\"2234\" data-end=\"2278\">analizar las estad\u00edsticas de tr\u00e1fico del sitio web;<\/li><li data-start=\"2279\" data-end=\"2310\">garantizar la seguridad de su sitio web.<\/li><\/ul>\t\t\t\t\t\t\t\t<\/div>\n\t\t\t\t<\/div>\n\t\t<div class=\"elementor-element elementor-element-e4b5865 e-con-full e-flex e-con e-child\" data-id=\"e4b5865\" data-element_type=\"container\" data-e-type=\"container\">\n\t\t\t\t<div class=\"elementor-element elementor-element-afa27e5 elementor-widget__width-initial elementor-invisible elementor-widget elementor-widget-heading\" data-id=\"afa27e5\" data-element_type=\"widget\" data-e-type=\"widget\" data-settings=\"{&quot;_animation&quot;:&quot;fadeIn&quot;,&quot;_animation_delay&quot;:300}\" data-widget_type=\"heading.default\">\n\t\t\t\t\t<h2 class=\"elementor-heading-title elementor-size-default\">4. Cookies de terceros<\/h2>\t\t\t\t<\/div>\n\t\t\t\t<div class=\"elementor-element elementor-element-f716e3a elementor-widget__width-inherit elementor-invisible elementor-widget elementor-widget-text-editor\" data-id=\"f716e3a\" data-element_type=\"widget\" data-e-type=\"widget\" data-settings=\"{&quot;_animation&quot;:&quot;fadeIn&quot;,&quot;_animation_mobile&quot;:&quot;fadeIn&quot;}\" data-widget_type=\"text-editor.default\">\n\t\t\t\t\t\t\t\t\t<p data-start=\"2343\" data-end=\"2634\">El sitio web tambi\u00e9n puede utilizar soluciones de terceros, como mapas, integraciones de redes sociales o un sistema de registro externo. En tales casos, los correspondientes proveedores de servicios terceros tambi\u00e9n pueden instalar determinadas cookies de conformidad con sus pol\u00edticas de privacidad y cookies.<\/p>\t\t\t\t\t\t\t\t<\/div>\n\t\t\t\t<\/div>\n\t\t<div class=\"elementor-element elementor-element-9c8dd99 e-con-full e-flex e-con e-child\" data-id=\"9c8dd99\" data-element_type=\"container\" data-e-type=\"container\">\n\t\t\t\t<div class=\"elementor-element elementor-element-b98e1c6 elementor-widget__width-initial elementor-invisible elementor-widget elementor-widget-heading\" data-id=\"b98e1c6\" data-element_type=\"widget\" data-e-type=\"widget\" data-settings=\"{&quot;_animation&quot;:&quot;fadeIn&quot;,&quot;_animation_delay&quot;:300}\" data-widget_type=\"heading.default\">\n\t\t\t\t\t<h2 class=\"elementor-heading-title elementor-size-default\">5. \u00bfC\u00f3mo se gestionan las cookies?<\/h2>\t\t\t\t<\/div>\n\t\t\t\t<div class=\"elementor-element elementor-element-233a0ee elementor-widget__width-inherit elementor-invisible elementor-widget elementor-widget-text-editor\" data-id=\"233a0ee\" data-element_type=\"widget\" data-e-type=\"widget\" data-settings=\"{&quot;_animation&quot;:&quot;fadeIn&quot;,&quot;_animation_mobile&quot;:&quot;fadeIn&quot;}\" data-widget_type=\"text-editor.default\">\n\t\t\t\t\t\t\t\t\t<p data-start=\"2673\" data-end=\"2716\">Puede gestionar las cookies de varias maneras:<\/p><ul data-start=\"2718\" data-end=\"2862\"><li data-start=\"2718\" data-end=\"2770\">utilizando el cuadro de preferencias de cookies del sitio web;<\/li><li data-start=\"2771\" data-end=\"2810\">cambiando la configuraci\u00f3n de su navegador;<\/li><li data-start=\"2811\" data-end=\"2862\">eliminando las cookies ya almacenadas en su dispositivo.<\/li><\/ul><p data-start=\"2864\" data-end=\"2968\">Tenga en cuenta que si desactiva las cookies necesarias, es posible que algunas funciones del sitio web no funcionen correctamente.<\/p>\t\t\t\t\t\t\t\t<\/div>\n\t\t\t\t<\/div>\n\t\t<div class=\"elementor-element elementor-element-3b098f9 e-con-full e-flex e-con e-child\" data-id=\"3b098f9\" data-element_type=\"container\" data-e-type=\"container\">\n\t\t\t\t<div class=\"elementor-element elementor-element-cc1df44 elementor-widget__width-initial elementor-invisible elementor-widget elementor-widget-heading\" data-id=\"cc1df44\" data-element_type=\"widget\" data-e-type=\"widget\" data-settings=\"{&quot;_animation&quot;:&quot;fadeIn&quot;,&quot;_animation_delay&quot;:300}\" data-widget_type=\"heading.default\">\n\t\t\t\t\t<h2 class=\"elementor-heading-title elementor-size-default\">6. \u00bfC\u00f3mo obtenemos su consentimiento?<\/h2>\t\t\t\t<\/div>\n\t\t\t\t<div class=\"elementor-element elementor-element-bf257dd elementor-widget__width-inherit elementor-invisible elementor-widget elementor-widget-text-editor\" data-id=\"bf257dd\" data-element_type=\"widget\" data-e-type=\"widget\" data-settings=\"{&quot;_animation&quot;:&quot;fadeIn&quot;,&quot;_animation_mobile&quot;:&quot;fadeIn&quot;}\" data-widget_type=\"text-editor.default\">\n\t\t\t\t\t\t\t\t\t<p data-start=\"2673\" data-end=\"2716\">Las cookies no esenciales s\u00f3lo se utilizan con su consentimiento previo expl\u00edcito. El consentimiento debe darse mediante una acci\u00f3n activa y usted debe poder cambiarlo o retirarlo en cualquier momento.<\/p>\t\t\t\t\t\t\t\t<\/div>\n\t\t\t\t<\/div>\n\t\t<div class=\"elementor-element elementor-element-79b306d e-con-full e-flex e-con e-child\" data-id=\"79b306d\" data-element_type=\"container\" data-e-type=\"container\">\n\t\t\t\t<div class=\"elementor-element elementor-element-d5d03e8 elementor-widget__width-initial elementor-invisible elementor-widget elementor-widget-heading\" data-id=\"d5d03e8\" data-element_type=\"widget\" data-e-type=\"widget\" data-settings=\"{&quot;_animation&quot;:&quot;fadeIn&quot;,&quot;_animation_delay&quot;:300}\" data-widget_type=\"heading.default\">\n\t\t\t\t\t<h2 class=\"elementor-heading-title elementor-size-default\">7. Cambios en la pol\u00edtica de cookies<\/h2>\t\t\t\t<\/div>\n\t\t\t\t<div class=\"elementor-element elementor-element-defe38f elementor-widget__width-inherit elementor-invisible elementor-widget elementor-widget-text-editor\" data-id=\"defe38f\" data-element_type=\"widget\" data-e-type=\"widget\" data-settings=\"{&quot;_animation&quot;:&quot;fadeIn&quot;,&quot;_animation_mobile&quot;:&quot;fadeIn&quot;}\" data-widget_type=\"text-editor.default\">\n\t\t\t\t\t\t\t\t\t<p data-start=\"3260\" data-end=\"3470\">Esta Pol\u00edtica de Cookies puede actualizarse si se producen cambios en las cookies utilizadas en el sitio web, en la tecnolog\u00eda utilizada o en los requisitos legales aplicables. La versi\u00f3n m\u00e1s reciente se publica siempre en el sitio web <strong data-start=\"3457\" data-end=\"3469\">sagis.lt<\/strong>.<\/p><p data-start=\"3472\" data-end=\"3619\">Si introducimos cambios sustanciales en esta pol\u00edtica, los comunicaremos de forma clara y adecuada, por ejemplo, publicando un aviso en nuestro sitio web.<\/p>\t\t\t\t\t\t\t\t<\/div>\n\t\t\t\t<\/div>\n\t\t<div class=\"elementor-element elementor-element-ac4a829 e-con-full e-flex e-con e-child\" data-id=\"ac4a829\" data-element_type=\"container\" data-e-type=\"container\">\n\t\t\t\t<div class=\"elementor-element elementor-element-e5ce079 elementor-widget__width-initial elementor-invisible elementor-widget elementor-widget-heading\" data-id=\"e5ce079\" data-element_type=\"widget\" data-e-type=\"widget\" data-settings=\"{&quot;_animation&quot;:&quot;fadeIn&quot;,&quot;_animation_delay&quot;:300}\" data-widget_type=\"heading.default\">\n\t\t\t\t\t<h2 class=\"elementor-heading-title elementor-size-default\">8. Contacte con nosotros sobre el uso de cookies<\/h2>\t\t\t\t<\/div>\n\t\t\t\t<div class=\"elementor-element elementor-element-75189b6 elementor-widget__width-inherit elementor-invisible elementor-widget elementor-widget-text-editor\" data-id=\"75189b6\" data-element_type=\"widget\" data-e-type=\"widget\" data-settings=\"{&quot;_animation&quot;:&quot;fadeIn&quot;,&quot;_animation_mobile&quot;:&quot;fadeIn&quot;}\" data-widget_type=\"text-editor.default\">\n\t\t\t\t\t\t\t\t\t<p data-start=\"2860\" data-end=\"2955\"><strong data-start=\"3642\" data-end=\"3651\">Albinas Mila\u0161ius<\/strong><br data-start=\"3651\" data-end=\"3654\" \/><strong data-start=\"3654\" data-end=\"3669\">Correo electr\u00f3nico:<\/strong> <a class=\"decorated-link cursor-pointer\" rel=\"noopener\" data-start=\"3670\" data-end=\"3696\">albinas.rinkevic@gmail.com<\/a><br data-start=\"3696\" data-end=\"3699\" \/><strong data-start=\"3699\" data-end=\"3708\">Tel..:<\/strong> +37067825094<\/p>\t\t\t\t\t\t\t\t<\/div>\n\t\t\t\t<\/div>\n\t\t\t\t\t<\/div>\n\t\t\t\t<\/div>\n\t\t\t\t<\/div>","protected":false},"excerpt":{"rendered":"<p>Privatumo politika Paskutin\u012f kart\u0105 atnaujinta: 2026-04-24 \u0160ioje Slapuk\u0173 politikoje paai\u0161kinama, kaip svetain\u0117je sagis.lt naudojami slapukai ir pana\u0161ios technologijos. 1. Kas yra slapukai? Slapukai \u2013 tai nedidel\u0117s tekstin\u0117s rinkmenos, kurios \u012fra\u0161omos \u012f j\u016bs\u0173 \u012frengin\u012f, kai lankot\u0117s interneto svetain\u0117je. Slapukai padeda svetainei atpa\u017einti j\u016bs\u0173 \u012frengin\u012f, i\u0161saugoti tam tikr\u0105 informacij\u0105 apie j\u016bs\u0173 pasirinkimus ar veikl\u0105 ir u\u017etikrinti patogesn\u012f [&hellip;]<\/p>\n","protected":false},"author":1,"featured_media":0,"parent":0,"menu_order":0,"comment_status":"closed","ping_status":"closed","template":"elementor_header_footer","meta":{"footnotes":""},"class_list":["post-55","page","type-page","status-publish","hentry"],"yoast_head":"<!-- This site is optimized with the Yoast SEO Premium plugin v27.0 (Yoast SEO v27.4) - https:\/\/yoast.com\/product\/yoast-seo-premium-wordpress\/ -->\n<title>Slapuk\u0173 politika \u2013 slapuk\u0173 naudojimas Sagis<\/title>\n<meta name=\"description\" content=\"Slapuk\u0173 politika: kas yra slapukai, kaip jie naudojami ir kaip galite valdyti savo sutikim\u0105 Sagis svetain\u0117je.\" \/>\n<meta name=\"robots\" content=\"index, follow, max-snippet:-1, max-image-preview:large, max-video-preview:-1\" \/>\n<link rel=\"canonical\" href=\"https:\/\/sagis.lt\/es\/politica-de-cookies\/\" \/>\n<meta property=\"og:locale\" content=\"es_ES\" \/>\n<meta property=\"og:type\" content=\"article\" \/>\n<meta property=\"og:title\" content=\"Slapuk\u0173 politika \u2013 slapuk\u0173 naudojimas Sagis\" \/>\n<meta property=\"og:description\" content=\"Slapuk\u0173 politika: kas yra slapukai, kaip jie naudojami ir kaip galite valdyti savo sutikim\u0105 Sagis svetain\u0117je.\" \/>\n<meta property=\"og:url\" content=\"https:\/\/sagis.lt\/es\/politica-de-cookies\/\" \/>\n<meta property=\"og:site_name\" content=\"sagis.lt\" \/>\n<meta property=\"article:publisher\" content=\"https:\/\/www.facebook.com\/Gyvunukirpyklasagis?locale=lt_LT\" \/>\n<meta property=\"article:modified_time\" content=\"2026-04-24T20:20:49+00:00\" \/>\n<meta property=\"og:image\" content=\"https:\/\/sagis.lt\/wp-content\/uploads\/2026\/03\/favicon.png\" \/>\n\t<meta property=\"og:image:width\" content=\"512\" \/>\n\t<meta property=\"og:image:height\" content=\"512\" \/>\n\t<meta property=\"og:image:type\" content=\"image\/png\" \/>\n<meta name=\"twitter:card\" content=\"summary_large_image\" \/>\n<meta name=\"twitter:title\" content=\"Slapuk\u0173 politika\" \/>\n<meta name=\"twitter:label1\" content=\"Tiempo de lectura\" \/>\n\t<meta name=\"twitter:data1\" content=\"3 minutos\" \/>\n<script type=\"application\/ld+json\" class=\"yoast-schema-graph\">{\"@context\":\"https:\\\/\\\/schema.org\",\"@graph\":[{\"@type\":\"WebPage\",\"@id\":\"https:\\\/\\\/sagis.lt\\\/slapuku-politika\\\/\",\"url\":\"https:\\\/\\\/sagis.lt\\\/slapuku-politika\\\/\",\"name\":\"Slapuk\u0173 politika \u2013 slapuk\u0173 naudojimas Sagis\",\"isPartOf\":{\"@id\":\"https:\\\/\\\/sagis.lt\\\/#website\"},\"datePublished\":\"2026-03-10T23:00:36+00:00\",\"dateModified\":\"2026-04-24T20:20:49+00:00\",\"description\":\"Slapuk\u0173 politika: kas yra slapukai, kaip jie naudojami ir kaip galite valdyti savo sutikim\u0105 Sagis svetain\u0117je.\",\"breadcrumb\":{\"@id\":\"https:\\\/\\\/sagis.lt\\\/slapuku-politika\\\/#breadcrumb\"},\"inLanguage\":\"es\",\"potentialAction\":[{\"@type\":\"ReadAction\",\"target\":[\"https:\\\/\\\/sagis.lt\\\/slapuku-politika\\\/\"]}]},{\"@type\":\"BreadcrumbList\",\"@id\":\"https:\\\/\\\/sagis.lt\\\/slapuku-politika\\\/#breadcrumb\",\"itemListElement\":[{\"@type\":\"ListItem\",\"position\":1,\"name\":\"Prad\u017eia\",\"item\":\"https:\\\/\\\/sagis.lt\\\/\"},{\"@type\":\"ListItem\",\"position\":2,\"name\":\"Slapuk\u0173 politika\"}]},{\"@type\":\"WebSite\",\"@id\":\"https:\\\/\\\/sagis.lt\\\/#website\",\"url\":\"https:\\\/\\\/sagis.lt\\\/\",\"name\":\"sagis.lt\",\"description\":\"Gyv\u016bn\u0173 kirpykla Sagis - Laimingas \u0161uo, Gra\u017eus \u0161uo\",\"publisher\":{\"@id\":\"https:\\\/\\\/sagis.lt\\\/#organization\"},\"potentialAction\":[{\"@type\":\"SearchAction\",\"target\":{\"@type\":\"EntryPoint\",\"urlTemplate\":\"https:\\\/\\\/sagis.lt\\\/?s={search_term_string}\"},\"query-input\":{\"@type\":\"PropertyValueSpecification\",\"valueRequired\":true,\"valueName\":\"search_term_string\"}}],\"inLanguage\":\"es\"},{\"@type\":\"Organization\",\"@id\":\"https:\\\/\\\/sagis.lt\\\/#organization\",\"name\":\"sagis.lt\",\"alternateName\":\"Sagis kirpykla\",\"url\":\"https:\\\/\\\/sagis.lt\\\/\",\"logo\":{\"@type\":\"ImageObject\",\"inLanguage\":\"es\",\"@id\":\"https:\\\/\\\/sagis.lt\\\/#\\\/schema\\\/logo\\\/image\\\/\",\"url\":\"https:\\\/\\\/sagis.lt\\\/wp-content\\\/uploads\\\/2026\\\/03\\\/favicon.png\",\"contentUrl\":\"https:\\\/\\\/sagis.lt\\\/wp-content\\\/uploads\\\/2026\\\/03\\\/favicon.png\",\"width\":512,\"height\":512,\"caption\":\"sagis.lt\"},\"image\":{\"@id\":\"https:\\\/\\\/sagis.lt\\\/#\\\/schema\\\/logo\\\/image\\\/\"},\"sameAs\":[\"https:\\\/\\\/www.facebook.com\\\/Gyvunukirpyklasagis?locale=lt_LT\",\"https:\\\/\\\/www.instagram.com\\\/kirpyklasagis\\\/\"]}]}<\/script>\n<!-- \/ Yoast SEO Premium plugin. -->","yoast_head_json":{"title":"Pol\u00edtica de cookies - Uso de cookies en Sagis","description":"Pol\u00edtica de cookies: qu\u00e9 son las cookies, c\u00f3mo se utilizan y c\u00f3mo puede gestionar su consentimiento en el sitio web de Sagis.","robots":{"index":"index","follow":"follow","max-snippet":"max-snippet:-1","max-image-preview":"max-image-preview:large","max-video-preview":"max-video-preview:-1"},"canonical":"https:\/\/sagis.lt\/es\/politica-de-cookies\/","og_locale":"es_ES","og_type":"article","og_title":"Slapuk\u0173 politika \u2013 slapuk\u0173 naudojimas Sagis","og_description":"Slapuk\u0173 politika: kas yra slapukai, kaip jie naudojami ir kaip galite valdyti savo sutikim\u0105 Sagis svetain\u0117je.","og_url":"https:\/\/sagis.lt\/es\/politica-de-cookies\/","og_site_name":"sagis.lt","article_publisher":"https:\/\/www.facebook.com\/Gyvunukirpyklasagis?locale=lt_LT","article_modified_time":"2026-04-24T20:20:49+00:00","og_image":[{"width":512,"height":512,"url":"https:\/\/sagis.lt\/wp-content\/uploads\/2026\/03\/favicon.png","type":"image\/png"}],"twitter_card":"summary_large_image","twitter_title":"Slapuk\u0173 politika","twitter_misc":{"Tiempo de lectura":"3 minutos"},"schema":{"@context":"https:\/\/schema.org","@graph":[{"@type":"WebPage","@id":"https:\/\/sagis.lt\/slapuku-politika\/","url":"https:\/\/sagis.lt\/slapuku-politika\/","name":"Pol\u00edtica de cookies - Uso de cookies en Sagis","isPartOf":{"@id":"https:\/\/sagis.lt\/#website"},"datePublished":"2026-03-10T23:00:36+00:00","dateModified":"2026-04-24T20:20:49+00:00","description":"Pol\u00edtica de cookies: qu\u00e9 son las cookies, c\u00f3mo se utilizan y c\u00f3mo puede gestionar su consentimiento en el sitio web de Sagis.","breadcrumb":{"@id":"https:\/\/sagis.lt\/slapuku-politika\/#breadcrumb"},"inLanguage":"es","potentialAction":[{"@type":"ReadAction","target":["https:\/\/sagis.lt\/slapuku-politika\/"]}]},{"@type":"BreadcrumbList","@id":"https:\/\/sagis.lt\/slapuku-politika\/#breadcrumb","itemListElement":[{"@type":"ListItem","position":1,"name":"Prad\u017eia","item":"https:\/\/sagis.lt\/"},{"@type":"ListItem","position":2,"name":"Slapuk\u0173 politika"}]},{"@type":"WebSite","@id":"https:\/\/sagis.lt\/#website","url":"https:\/\/sagis.lt\/","name":"sagis.lt","description":"Sagis Peluquer\u00eda Animal - Perro feliz, perro bonito","publisher":{"@id":"https:\/\/sagis.lt\/#organization"},"potentialAction":[{"@type":"SearchAction","target":{"@type":"EntryPoint","urlTemplate":"https:\/\/sagis.lt\/?s={search_term_string}"},"query-input":{"@type":"PropertyValueSpecification","valueRequired":true,"valueName":"search_term_string"}}],"inLanguage":"es"},{"@type":"Organization","@id":"https:\/\/sagis.lt\/#organization","name":"sagis.lt","alternateName":"Sagis kirpykla","url":"https:\/\/sagis.lt\/","logo":{"@type":"ImageObject","inLanguage":"es","@id":"https:\/\/sagis.lt\/#\/schema\/logo\/image\/","url":"https:\/\/sagis.lt\/wp-content\/uploads\/2026\/03\/favicon.png","contentUrl":"https:\/\/sagis.lt\/wp-content\/uploads\/2026\/03\/favicon.png","width":512,"height":512,"caption":"sagis.lt"},"image":{"@id":"https:\/\/sagis.lt\/#\/schema\/logo\/image\/"},"sameAs":["https:\/\/www.facebook.com\/Gyvunukirpyklasagis?locale=lt_LT","https:\/\/www.instagram.com\/kirpyklasagis\/"]}]}},"_links":{"self":[{"href":"https:\/\/sagis.lt\/es\/wp-json\/wp\/v2\/pages\/55","targetHints":{"allow":["GET"]}}],"collection":[{"href":"https:\/\/sagis.lt\/es\/wp-json\/wp\/v2\/pages"}],"about":[{"href":"https:\/\/sagis.lt\/es\/wp-json\/wp\/v2\/types\/page"}],"author":[{"embeddable":true,"href":"https:\/\/sagis.lt\/es\/wp-json\/wp\/v2\/users\/1"}],"replies":[{"embeddable":true,"href":"https:\/\/sagis.lt\/es\/wp-json\/wp\/v2\/comments?post=55"}],"version-history":[{"count":0,"href":"https:\/\/sagis.lt\/es\/wp-json\/wp\/v2\/pages\/55\/revisions"}],"wp:attachment":[{"href":"https:\/\/sagis.lt\/es\/wp-json\/wp\/v2\/media?parent=55"}],"curies":[{"name":"wp","href":"https:\/\/api.w.org\/{rel}","templated":true}]}}