{"id":55,"date":"2026-03-11T01:00:36","date_gmt":"2026-03-10T23:00:36","guid":{"rendered":"https:\/\/sagis.lt\/?page_id=55"},"modified":"2026-04-24T23:20:49","modified_gmt":"2026-04-24T20:20:49","slug":"polityka-cookies","status":"publish","type":"page","link":"https:\/\/sagis.lt\/pl\/slapuku-politika\/","title":{"rendered":"Polityka dotycz\u0105ca plik\u00f3w cookie"},"content":{"rendered":"<div data-elementor-type=\"wp-page\" data-elementor-id=\"55\" class=\"elementor elementor-55\" data-elementor-post-type=\"page\">\n\t\t\t\t<div class=\"elementor-element elementor-element-e040430 e-flex e-con-boxed e-con e-parent\" data-id=\"e040430\" data-element_type=\"container\" data-e-type=\"container\">\n\t\t\t\t\t<div class=\"e-con-inner\">\n\t\t<div class=\"elementor-element elementor-element-074b9e8 e-con-full e-flex e-con e-child\" data-id=\"074b9e8\" data-element_type=\"container\" data-e-type=\"container\">\n\t\t\t\t<div class=\"elementor-element elementor-element-a8b4430 elementor-widget-mobile__width-initial elementor-invisible elementor-widget elementor-widget-heading\" data-id=\"a8b4430\" data-element_type=\"widget\" data-e-type=\"widget\" data-settings=\"{&quot;_animation&quot;:&quot;fadeInDown&quot;}\" data-widget_type=\"heading.default\">\n\t\t\t\t\t<h1 class=\"elementor-heading-title elementor-size-default\">Polityka prywatno\u015bci<\/h1>\t\t\t\t<\/div>\n\t\t\t\t<div class=\"elementor-element elementor-element-05e3a2d elementor-widget__width-inherit elementor-invisible elementor-widget elementor-widget-text-editor\" data-id=\"05e3a2d\" data-element_type=\"widget\" data-e-type=\"widget\" data-settings=\"{&quot;_animation&quot;:&quot;fadeIn&quot;,&quot;_animation_mobile&quot;:&quot;fadeIn&quot;}\" data-widget_type=\"text-editor.default\">\n\t\t\t\t\t\t\t\t\t<p class=\"p1\"><strong>Ostatnia aktualizacja: 2026-04-24<\/strong><\/p>\t\t\t\t\t\t\t\t<\/div>\n\t\t\t\t<div class=\"elementor-element elementor-element-5b6a860 elementor-widget__width-inherit elementor-invisible elementor-widget elementor-widget-text-editor\" data-id=\"5b6a860\" data-element_type=\"widget\" data-e-type=\"widget\" data-settings=\"{&quot;_animation&quot;:&quot;fadeIn&quot;,&quot;_animation_mobile&quot;:&quot;fadeIn&quot;}\" data-widget_type=\"text-editor.default\">\n\t\t\t\t\t\t\t\t\t<p class=\"p1\">Niniejsze zasady dotycz\u0105ce plik\u00f3w cookie wyja\u015bniaj\u0105, w jaki spos\u00f3b witryna <strong>sagis.lt<\/strong> korzystanie z plik\u00f3w cookie i podobnych technologii.<\/p>\t\t\t\t\t\t\t\t<\/div>\n\t\t\t\t<\/div>\n\t\t<div class=\"elementor-element elementor-element-6f571f5 e-con-full e-flex e-con e-child\" data-id=\"6f571f5\" data-element_type=\"container\" data-e-type=\"container\">\n\t\t\t\t<div class=\"elementor-element elementor-element-64e72c9 elementor-widget__width-initial elementor-invisible elementor-widget elementor-widget-heading\" data-id=\"64e72c9\" data-element_type=\"widget\" data-e-type=\"widget\" data-settings=\"{&quot;_animation&quot;:&quot;fadeIn&quot;,&quot;_animation_delay&quot;:300}\" data-widget_type=\"heading.default\">\n\t\t\t\t\t<h2 class=\"elementor-heading-title elementor-size-default\">1. Czym s\u0105 pliki cookie?<\/h2>\t\t\t\t<\/div>\n\t\t\t\t<div class=\"elementor-element elementor-element-8c9a5cc elementor-widget__width-inherit elementor-invisible elementor-widget elementor-widget-text-editor\" data-id=\"8c9a5cc\" data-element_type=\"widget\" data-e-type=\"widget\" data-settings=\"{&quot;_animation&quot;:&quot;fadeIn&quot;,&quot;_animation_mobile&quot;:&quot;fadeIn&quot;}\" data-widget_type=\"text-editor.default\">\n\t\t\t\t\t\t\t\t\t<p data-start=\"652\" data-end=\"929\">Pliki cookie to ma\u0142e pliki tekstowe, kt\u00f3re s\u0105 umieszczane na urz\u0105dzeniu u\u017cytkownika podczas odwiedzania strony internetowej. Pliki cookie pomagaj\u0105 stronie internetowej rozpozna\u0107 urz\u0105dzenie u\u017cytkownika, przechowywa\u0107 pewne informacje o jego preferencjach lub dzia\u0142aniach oraz sprawi\u0107, by przegl\u0105danie by\u0142o wygodniejsze i p\u0142ynniejsze.<\/p>\t\t\t\t\t\t\t\t<\/div>\n\t\t\t\t<\/div>\n\t\t<div class=\"elementor-element elementor-element-63eab1b e-con-full e-flex e-con e-child\" data-id=\"63eab1b\" data-element_type=\"container\" data-e-type=\"container\">\n\t\t\t\t<div class=\"elementor-element elementor-element-2fd4974 elementor-widget__width-initial elementor-invisible elementor-widget elementor-widget-heading\" data-id=\"2fd4974\" data-element_type=\"widget\" data-e-type=\"widget\" data-settings=\"{&quot;_animation&quot;:&quot;fadeIn&quot;,&quot;_animation_delay&quot;:300}\" data-widget_type=\"heading.default\">\n\t\t\t\t\t<h2 class=\"elementor-heading-title elementor-size-default\">2. Jakich plik\u00f3w cookie u\u017cywamy?<\/h2>\t\t\t\t<\/div>\n\t\t\t\t<div class=\"elementor-element elementor-element-f108afb elementor-widget__width-inherit elementor-invisible elementor-widget elementor-widget-text-editor\" data-id=\"f108afb\" data-element_type=\"widget\" data-e-type=\"widget\" data-settings=\"{&quot;_animation&quot;:&quot;fadeIn&quot;,&quot;_animation_mobile&quot;:&quot;fadeIn&quot;}\" data-widget_type=\"text-editor.default\">\n\t\t\t\t\t\t\t\t\t<p data-start=\"965\" data-end=\"1027\">Na stronie internetowej <strong data-start=\"976\" data-end=\"988\">sagis.lt<\/strong> mog\u0105 by\u0107 u\u017cywane nast\u0119puj\u0105ce rodzaje plik\u00f3w cookie:<\/p><p data-start=\"1029\" data-end=\"1304\"><strong data-start=\"1029\" data-end=\"1051\">Niezb\u0119dne pliki cookie<\/strong><br data-start=\"1051\" data-end=\"1054\" \/>Te pliki cookie s\u0105 niezb\u0119dne do podstawowych funkcji strony internetowej i do jej poprawnego dzia\u0142ania pod wzgl\u0119dem technicznym. Bez nich strona internetowa mo\u017ce nie dzia\u0142a\u0107 prawid\u0142owo. W przypadku niezb\u0119dnych plik\u00f3w cookie zazwyczaj nie jest wymagana osobna zgoda.<\/p><p data-start=\"1306\" data-end=\"1548\"><strong data-start=\"1306\" data-end=\"1329\">Funkcjonalne pliki cookie<\/strong><br data-start=\"1329\" data-end=\"1332\" \/>Te pliki cookie pomagaj\u0105 nam zapami\u0119tywa\u0107 wybory u\u017cytkownika i poprawia\u0107 komfort korzystania z witryny. Je\u015bli takie pliki cookie nie s\u0105 niezb\u0119dne do dzia\u0142ania witryny, s\u0105 one wykorzystywane wy\u0142\u0105cznie za zgod\u0105 u\u017cytkownika.<\/p><p data-start=\"1550\" data-end=\"1808\"><strong data-start=\"1550\" data-end=\"1574\">Analityczne pliki cookie<\/strong><br data-start=\"1574\" data-end=\"1577\" \/>Te pliki cookie s\u0105 wykorzystywane do zbierania informacji statystycznych o ruchu na stronie internetowej, do analizy korzystania z witryny i do poprawy jej wydajno\u015bci. S\u0105 one wykorzystywane wy\u0142\u0105cznie za uprzedni\u0105 wyra\u017an\u0105 zgod\u0105 u\u017cytkownika.<\/p><p data-start=\"1810\" data-end=\"2059\"><strong data-start=\"1810\" data-end=\"1842\">Marketingowe\/\u015bledz\u0105ce pliki cookie<\/strong><br data-start=\"1842\" data-end=\"1845\" \/>Te pliki cookie mog\u0105 by\u0107 wykorzystywane do wy\u015bwietlania spersonalizowanych reklam lub ofert. Je\u015bli takie pliki cookie s\u0105 u\u017cywane na stronie internetowej, b\u0119d\u0105 one rejestrowane wy\u0142\u0105cznie za uprzedni\u0105 zgod\u0105 u\u017cytkownika.<\/p>\t\t\t\t\t\t\t\t<\/div>\n\t\t\t\t<\/div>\n\t\t<div class=\"elementor-element elementor-element-4f78951 e-con-full e-flex e-con e-child\" data-id=\"4f78951\" data-element_type=\"container\" data-e-type=\"container\">\n\t\t\t\t<div class=\"elementor-element elementor-element-3cb8434 elementor-widget__width-initial elementor-invisible elementor-widget elementor-widget-heading\" data-id=\"3cb8434\" data-element_type=\"widget\" data-e-type=\"widget\" data-settings=\"{&quot;_animation&quot;:&quot;fadeIn&quot;,&quot;_animation_delay&quot;:300}\" data-widget_type=\"heading.default\">\n\t\t\t\t\t<h2 class=\"elementor-heading-title elementor-size-default\">3. Dlaczego u\u017cywamy plik\u00f3w cookie?<\/h2>\t\t\t\t<\/div>\n\t\t\t\t<div class=\"elementor-element elementor-element-df4eed1 elementor-widget__width-inherit elementor-invisible elementor-widget elementor-widget-text-editor\" data-id=\"df4eed1\" data-element_type=\"widget\" data-e-type=\"widget\" data-settings=\"{&quot;_animation&quot;:&quot;fadeIn&quot;,&quot;_animation_mobile&quot;:&quot;fadeIn&quot;}\" data-widget_type=\"text-editor.default\">\n\t\t\t\t\t\t\t\t\t<p data-start=\"2094\" data-end=\"2132\">Pliki cookie mog\u0105 by\u0107 wykorzystywane do:<\/p><ul data-start=\"2134\" data-end=\"2310\"><li data-start=\"2134\" data-end=\"2173\">zapewni\u0107 prawid\u0142owe funkcjonowanie strony internetowej;<\/li><li data-start=\"2174\" data-end=\"2204\">Zapisz swoje wybory;<\/li><li data-start=\"2205\" data-end=\"2233\">poprawi\u0107 komfort przegl\u0105dania;<\/li><li data-start=\"2234\" data-end=\"2278\">analizowa\u0107 statystyki ruchu w witrynie;<\/li><li data-start=\"2279\" data-end=\"2310\">zapewni\u0107 bezpiecze\u0144stwo witryny.<\/li><\/ul>\t\t\t\t\t\t\t\t<\/div>\n\t\t\t\t<\/div>\n\t\t<div class=\"elementor-element elementor-element-e4b5865 e-con-full e-flex e-con e-child\" data-id=\"e4b5865\" data-element_type=\"container\" data-e-type=\"container\">\n\t\t\t\t<div class=\"elementor-element elementor-element-afa27e5 elementor-widget__width-initial elementor-invisible elementor-widget elementor-widget-heading\" data-id=\"afa27e5\" data-element_type=\"widget\" data-e-type=\"widget\" data-settings=\"{&quot;_animation&quot;:&quot;fadeIn&quot;,&quot;_animation_delay&quot;:300}\" data-widget_type=\"heading.default\">\n\t\t\t\t\t<h2 class=\"elementor-heading-title elementor-size-default\">4. Pliki cookie stron trzecich<\/h2>\t\t\t\t<\/div>\n\t\t\t\t<div class=\"elementor-element elementor-element-f716e3a elementor-widget__width-inherit elementor-invisible elementor-widget elementor-widget-text-editor\" data-id=\"f716e3a\" data-element_type=\"widget\" data-e-type=\"widget\" data-settings=\"{&quot;_animation&quot;:&quot;fadeIn&quot;,&quot;_animation_mobile&quot;:&quot;fadeIn&quot;}\" data-widget_type=\"text-editor.default\">\n\t\t\t\t\t\t\t\t\t<p data-start=\"2343\" data-end=\"2634\">Witryna mo\u017ce r\u00f3wnie\u017c korzysta\u0107 z rozwi\u0105za\u0144 stron trzecich, takich jak mapy, integracje z sieciami spo\u0142eczno\u015bciowymi lub zewn\u0119trzny system rejestracji. W takich przypadkach niekt\u00f3re pliki cookie mog\u0105 by\u0107 r\u00f3wnie\u017c ustawiane przez odpowiednich zewn\u0119trznych dostawc\u00f3w us\u0142ug zgodnie z ich polityk\u0105 prywatno\u015bci i plik\u00f3w cookie.<\/p>\t\t\t\t\t\t\t\t<\/div>\n\t\t\t\t<\/div>\n\t\t<div class=\"elementor-element elementor-element-9c8dd99 e-con-full e-flex e-con e-child\" data-id=\"9c8dd99\" data-element_type=\"container\" data-e-type=\"container\">\n\t\t\t\t<div class=\"elementor-element elementor-element-b98e1c6 elementor-widget__width-initial elementor-invisible elementor-widget elementor-widget-heading\" data-id=\"b98e1c6\" data-element_type=\"widget\" data-e-type=\"widget\" data-settings=\"{&quot;_animation&quot;:&quot;fadeIn&quot;,&quot;_animation_delay&quot;:300}\" data-widget_type=\"heading.default\">\n\t\t\t\t\t<h2 class=\"elementor-heading-title elementor-size-default\">5. Jak zarz\u0105dza\u0107 plikami cookie?<\/h2>\t\t\t\t<\/div>\n\t\t\t\t<div class=\"elementor-element elementor-element-233a0ee elementor-widget__width-inherit elementor-invisible elementor-widget elementor-widget-text-editor\" data-id=\"233a0ee\" data-element_type=\"widget\" data-e-type=\"widget\" data-settings=\"{&quot;_animation&quot;:&quot;fadeIn&quot;,&quot;_animation_mobile&quot;:&quot;fadeIn&quot;}\" data-widget_type=\"text-editor.default\">\n\t\t\t\t\t\t\t\t\t<p data-start=\"2673\" data-end=\"2716\">Plikami cookie mo\u017cna zarz\u0105dza\u0107 na kilka sposob\u00f3w:<\/p><ul data-start=\"2718\" data-end=\"2862\"><li data-start=\"2718\" data-end=\"2770\">za pomoc\u0105 pola preferencji plik\u00f3w cookie na stronie internetowej;<\/li><li data-start=\"2771\" data-end=\"2810\">zmieniaj\u0105c ustawienia przegl\u0105darki;<\/li><li data-start=\"2811\" data-end=\"2862\">poprzez usuni\u0119cie plik\u00f3w cookie ju\u017c zapisanych na urz\u0105dzeniu u\u017cytkownika.<\/li><\/ul><p data-start=\"2864\" data-end=\"2968\">Nale\u017cy pami\u0119ta\u0107, \u017ce w przypadku wy\u0142\u0105czenia niezb\u0119dnych plik\u00f3w cookie niekt\u00f3re funkcje witryny mog\u0105 nie dzia\u0142a\u0107 prawid\u0142owo.<\/p>\t\t\t\t\t\t\t\t<\/div>\n\t\t\t\t<\/div>\n\t\t<div class=\"elementor-element elementor-element-3b098f9 e-con-full e-flex e-con e-child\" data-id=\"3b098f9\" data-element_type=\"container\" data-e-type=\"container\">\n\t\t\t\t<div class=\"elementor-element elementor-element-cc1df44 elementor-widget__width-initial elementor-invisible elementor-widget elementor-widget-heading\" data-id=\"cc1df44\" data-element_type=\"widget\" data-e-type=\"widget\" data-settings=\"{&quot;_animation&quot;:&quot;fadeIn&quot;,&quot;_animation_delay&quot;:300}\" data-widget_type=\"heading.default\">\n\t\t\t\t\t<h2 class=\"elementor-heading-title elementor-size-default\">6. W jaki spos\u00f3b uzyskujemy zgod\u0119 u\u017cytkownika?<\/h2>\t\t\t\t<\/div>\n\t\t\t\t<div class=\"elementor-element elementor-element-bf257dd elementor-widget__width-inherit elementor-invisible elementor-widget elementor-widget-text-editor\" data-id=\"bf257dd\" data-element_type=\"widget\" data-e-type=\"widget\" data-settings=\"{&quot;_animation&quot;:&quot;fadeIn&quot;,&quot;_animation_mobile&quot;:&quot;fadeIn&quot;}\" data-widget_type=\"text-editor.default\">\n\t\t\t\t\t\t\t\t\t<p data-start=\"2673\" data-end=\"2716\">Nieistotne pliki cookie s\u0105 wykorzystywane wy\u0142\u0105cznie za uprzedni\u0105 wyra\u017an\u0105 zgod\u0105 u\u017cytkownika. Zgoda musi by\u0107 udzielona poprzez aktywne dzia\u0142anie, a u\u017cytkownik musi mie\u0107 mo\u017cliwo\u015b\u0107 jej zmiany lub wycofania w dowolnym momencie.<\/p>\t\t\t\t\t\t\t\t<\/div>\n\t\t\t\t<\/div>\n\t\t<div class=\"elementor-element elementor-element-79b306d e-con-full e-flex e-con e-child\" data-id=\"79b306d\" data-element_type=\"container\" data-e-type=\"container\">\n\t\t\t\t<div class=\"elementor-element elementor-element-d5d03e8 elementor-widget__width-initial elementor-invisible elementor-widget elementor-widget-heading\" data-id=\"d5d03e8\" data-element_type=\"widget\" data-e-type=\"widget\" data-settings=\"{&quot;_animation&quot;:&quot;fadeIn&quot;,&quot;_animation_delay&quot;:300}\" data-widget_type=\"heading.default\">\n\t\t\t\t\t<h2 class=\"elementor-heading-title elementor-size-default\">7. Zmiany w Polityce dotycz\u0105cej plik\u00f3w cookie<\/h2>\t\t\t\t<\/div>\n\t\t\t\t<div class=\"elementor-element elementor-element-defe38f elementor-widget__width-inherit elementor-invisible elementor-widget elementor-widget-text-editor\" data-id=\"defe38f\" data-element_type=\"widget\" data-e-type=\"widget\" data-settings=\"{&quot;_animation&quot;:&quot;fadeIn&quot;,&quot;_animation_mobile&quot;:&quot;fadeIn&quot;}\" data-widget_type=\"text-editor.default\">\n\t\t\t\t\t\t\t\t\t<p data-start=\"3260\" data-end=\"3470\">Niniejsza Polityka dotycz\u0105ca plik\u00f3w cookie mo\u017ce by\u0107 aktualizowana w przypadku zmian w plikach cookie wykorzystywanych na stronie internetowej, wykorzystywanych technologiach lub obowi\u0105zuj\u0105cych wymogach prawnych. Najnowsza wersja jest zawsze publikowana na stronie internetowej <strong data-start=\"3457\" data-end=\"3469\">sagis.lt<\/strong>.<\/p><p data-start=\"3472\" data-end=\"3619\">Je\u015bli wprowadzimy istotne zmiany do niniejszej polityki, poinformujemy o nich w jasny i odpowiedni spos\u00f3b, na przyk\u0142ad publikuj\u0105c powiadomienie na naszej stronie internetowej.<\/p>\t\t\t\t\t\t\t\t<\/div>\n\t\t\t\t<\/div>\n\t\t<div class=\"elementor-element elementor-element-ac4a829 e-con-full e-flex e-con e-child\" data-id=\"ac4a829\" data-element_type=\"container\" data-e-type=\"container\">\n\t\t\t\t<div class=\"elementor-element elementor-element-e5ce079 elementor-widget__width-initial elementor-invisible elementor-widget elementor-widget-heading\" data-id=\"e5ce079\" data-element_type=\"widget\" data-e-type=\"widget\" data-settings=\"{&quot;_animation&quot;:&quot;fadeIn&quot;,&quot;_animation_delay&quot;:300}\" data-widget_type=\"heading.default\">\n\t\t\t\t\t<h2 class=\"elementor-heading-title elementor-size-default\">8. Kontakt w sprawie korzystania z plik\u00f3w cookie<\/h2>\t\t\t\t<\/div>\n\t\t\t\t<div class=\"elementor-element elementor-element-75189b6 elementor-widget__width-inherit elementor-invisible elementor-widget elementor-widget-text-editor\" data-id=\"75189b6\" data-element_type=\"widget\" data-e-type=\"widget\" data-settings=\"{&quot;_animation&quot;:&quot;fadeIn&quot;,&quot;_animation_mobile&quot;:&quot;fadeIn&quot;}\" data-widget_type=\"text-editor.default\">\n\t\t\t\t\t\t\t\t\t<p data-start=\"2860\" data-end=\"2955\"><strong data-start=\"3642\" data-end=\"3651\">Albinas Mila\u0161ius<\/strong><br data-start=\"3651\" data-end=\"3654\" \/><strong data-start=\"3654\" data-end=\"3669\">E-mail:<\/strong> <a class=\"decorated-link cursor-pointer\" rel=\"noopener\" data-start=\"3670\" data-end=\"3696\">albinas.rinkevic@gmail.com<\/a><br data-start=\"3696\" data-end=\"3699\" \/><strong data-start=\"3699\" data-end=\"3708\">Tel..:<\/strong> +37067825094<\/p>\t\t\t\t\t\t\t\t<\/div>\n\t\t\t\t<\/div>\n\t\t\t\t\t<\/div>\n\t\t\t\t<\/div>\n\t\t\t\t<\/div>","protected":false},"excerpt":{"rendered":"<p>Privatumo politika Paskutin\u012f kart\u0105 atnaujinta: 2026-04-24 \u0160ioje Slapuk\u0173 politikoje paai\u0161kinama, kaip svetain\u0117je sagis.lt naudojami slapukai ir pana\u0161ios technologijos. 1. Kas yra slapukai? Slapukai \u2013 tai nedidel\u0117s tekstin\u0117s rinkmenos, kurios \u012fra\u0161omos \u012f j\u016bs\u0173 \u012frengin\u012f, kai lankot\u0117s interneto svetain\u0117je. Slapukai padeda svetainei atpa\u017einti j\u016bs\u0173 \u012frengin\u012f, i\u0161saugoti tam tikr\u0105 informacij\u0105 apie j\u016bs\u0173 pasirinkimus ar veikl\u0105 ir u\u017etikrinti patogesn\u012f [&hellip;]<\/p>\n","protected":false},"author":1,"featured_media":0,"parent":0,"menu_order":0,"comment_status":"closed","ping_status":"closed","template":"elementor_header_footer","meta":{"footnotes":""},"class_list":["post-55","page","type-page","status-publish","hentry"],"yoast_head":"<!-- This site is optimized with the Yoast SEO Premium plugin v27.0 (Yoast SEO v27.4) - https:\/\/yoast.com\/product\/yoast-seo-premium-wordpress\/ -->\n<title>Slapuk\u0173 politika \u2013 slapuk\u0173 naudojimas Sagis<\/title>\n<meta name=\"description\" content=\"Slapuk\u0173 politika: kas yra slapukai, kaip jie naudojami ir kaip galite valdyti savo sutikim\u0105 Sagis svetain\u0117je.\" \/>\n<meta name=\"robots\" content=\"index, follow, max-snippet:-1, max-image-preview:large, max-video-preview:-1\" \/>\n<link rel=\"canonical\" href=\"https:\/\/sagis.lt\/pl\/polityka-cookies\/\" \/>\n<meta property=\"og:locale\" content=\"pl_PL\" \/>\n<meta property=\"og:type\" content=\"article\" \/>\n<meta property=\"og:title\" content=\"Slapuk\u0173 politika \u2013 slapuk\u0173 naudojimas Sagis\" \/>\n<meta property=\"og:description\" content=\"Slapuk\u0173 politika: kas yra slapukai, kaip jie naudojami ir kaip galite valdyti savo sutikim\u0105 Sagis svetain\u0117je.\" \/>\n<meta property=\"og:url\" content=\"https:\/\/sagis.lt\/pl\/polityka-cookies\/\" \/>\n<meta property=\"og:site_name\" content=\"sagis.lt\" \/>\n<meta property=\"article:publisher\" content=\"https:\/\/www.facebook.com\/Gyvunukirpyklasagis?locale=lt_LT\" \/>\n<meta property=\"article:modified_time\" content=\"2026-04-24T20:20:49+00:00\" \/>\n<meta property=\"og:image\" content=\"https:\/\/sagis.lt\/wp-content\/uploads\/2026\/03\/favicon.png\" \/>\n\t<meta property=\"og:image:width\" content=\"512\" \/>\n\t<meta property=\"og:image:height\" content=\"512\" \/>\n\t<meta property=\"og:image:type\" content=\"image\/png\" \/>\n<meta name=\"twitter:card\" content=\"summary_large_image\" \/>\n<meta name=\"twitter:title\" content=\"Slapuk\u0173 politika\" \/>\n<meta name=\"twitter:label1\" content=\"Szacowany czas czytania\" \/>\n\t<meta name=\"twitter:data1\" content=\"3 minuty\" \/>\n<script type=\"application\/ld+json\" class=\"yoast-schema-graph\">{\"@context\":\"https:\\\/\\\/schema.org\",\"@graph\":[{\"@type\":\"WebPage\",\"@id\":\"https:\\\/\\\/sagis.lt\\\/slapuku-politika\\\/\",\"url\":\"https:\\\/\\\/sagis.lt\\\/slapuku-politika\\\/\",\"name\":\"Slapuk\u0173 politika \u2013 slapuk\u0173 naudojimas Sagis\",\"isPartOf\":{\"@id\":\"https:\\\/\\\/sagis.lt\\\/#website\"},\"datePublished\":\"2026-03-10T23:00:36+00:00\",\"dateModified\":\"2026-04-24T20:20:49+00:00\",\"description\":\"Slapuk\u0173 politika: kas yra slapukai, kaip jie naudojami ir kaip galite valdyti savo sutikim\u0105 Sagis svetain\u0117je.\",\"breadcrumb\":{\"@id\":\"https:\\\/\\\/sagis.lt\\\/slapuku-politika\\\/#breadcrumb\"},\"inLanguage\":\"pl-PL\",\"potentialAction\":[{\"@type\":\"ReadAction\",\"target\":[\"https:\\\/\\\/sagis.lt\\\/slapuku-politika\\\/\"]}]},{\"@type\":\"BreadcrumbList\",\"@id\":\"https:\\\/\\\/sagis.lt\\\/slapuku-politika\\\/#breadcrumb\",\"itemListElement\":[{\"@type\":\"ListItem\",\"position\":1,\"name\":\"Prad\u017eia\",\"item\":\"https:\\\/\\\/sagis.lt\\\/\"},{\"@type\":\"ListItem\",\"position\":2,\"name\":\"Slapuk\u0173 politika\"}]},{\"@type\":\"WebSite\",\"@id\":\"https:\\\/\\\/sagis.lt\\\/#website\",\"url\":\"https:\\\/\\\/sagis.lt\\\/\",\"name\":\"sagis.lt\",\"description\":\"Gyv\u016bn\u0173 kirpykla Sagis - Laimingas \u0161uo, Gra\u017eus \u0161uo\",\"publisher\":{\"@id\":\"https:\\\/\\\/sagis.lt\\\/#organization\"},\"potentialAction\":[{\"@type\":\"SearchAction\",\"target\":{\"@type\":\"EntryPoint\",\"urlTemplate\":\"https:\\\/\\\/sagis.lt\\\/?s={search_term_string}\"},\"query-input\":{\"@type\":\"PropertyValueSpecification\",\"valueRequired\":true,\"valueName\":\"search_term_string\"}}],\"inLanguage\":\"pl-PL\"},{\"@type\":\"Organization\",\"@id\":\"https:\\\/\\\/sagis.lt\\\/#organization\",\"name\":\"sagis.lt\",\"alternateName\":\"Sagis kirpykla\",\"url\":\"https:\\\/\\\/sagis.lt\\\/\",\"logo\":{\"@type\":\"ImageObject\",\"inLanguage\":\"pl-PL\",\"@id\":\"https:\\\/\\\/sagis.lt\\\/#\\\/schema\\\/logo\\\/image\\\/\",\"url\":\"https:\\\/\\\/sagis.lt\\\/wp-content\\\/uploads\\\/2026\\\/03\\\/favicon.png\",\"contentUrl\":\"https:\\\/\\\/sagis.lt\\\/wp-content\\\/uploads\\\/2026\\\/03\\\/favicon.png\",\"width\":512,\"height\":512,\"caption\":\"sagis.lt\"},\"image\":{\"@id\":\"https:\\\/\\\/sagis.lt\\\/#\\\/schema\\\/logo\\\/image\\\/\"},\"sameAs\":[\"https:\\\/\\\/www.facebook.com\\\/Gyvunukirpyklasagis?locale=lt_LT\",\"https:\\\/\\\/www.instagram.com\\\/kirpyklasagis\\\/\"]}]}<\/script>\n<!-- \/ Yoast SEO Premium plugin. -->","yoast_head_json":{"title":"Polityka plik\u00f3w cookie - Wykorzystanie plik\u00f3w cookie przez Sagis","description":"Polityka plik\u00f3w cookie: czym s\u0105 pliki cookie, w jaki spos\u00f3b s\u0105 wykorzystywane i jak mo\u017cna zarz\u0105dza\u0107 swoj\u0105 zgod\u0105 na stronie internetowej Sagis.","robots":{"index":"index","follow":"follow","max-snippet":"max-snippet:-1","max-image-preview":"max-image-preview:large","max-video-preview":"max-video-preview:-1"},"canonical":"https:\/\/sagis.lt\/pl\/polityka-cookies\/","og_locale":"pl_PL","og_type":"article","og_title":"Slapuk\u0173 politika \u2013 slapuk\u0173 naudojimas Sagis","og_description":"Slapuk\u0173 politika: kas yra slapukai, kaip jie naudojami ir kaip galite valdyti savo sutikim\u0105 Sagis svetain\u0117je.","og_url":"https:\/\/sagis.lt\/pl\/polityka-cookies\/","og_site_name":"sagis.lt","article_publisher":"https:\/\/www.facebook.com\/Gyvunukirpyklasagis?locale=lt_LT","article_modified_time":"2026-04-24T20:20:49+00:00","og_image":[{"width":512,"height":512,"url":"https:\/\/sagis.lt\/wp-content\/uploads\/2026\/03\/favicon.png","type":"image\/png"}],"twitter_card":"summary_large_image","twitter_title":"Slapuk\u0173 politika","twitter_misc":{"Szacowany czas czytania":"3 minuty"},"schema":{"@context":"https:\/\/schema.org","@graph":[{"@type":"WebPage","@id":"https:\/\/sagis.lt\/slapuku-politika\/","url":"https:\/\/sagis.lt\/slapuku-politika\/","name":"Polityka plik\u00f3w cookie - Wykorzystanie plik\u00f3w cookie przez Sagis","isPartOf":{"@id":"https:\/\/sagis.lt\/#website"},"datePublished":"2026-03-10T23:00:36+00:00","dateModified":"2026-04-24T20:20:49+00:00","description":"Polityka plik\u00f3w cookie: czym s\u0105 pliki cookie, w jaki spos\u00f3b s\u0105 wykorzystywane i jak mo\u017cna zarz\u0105dza\u0107 swoj\u0105 zgod\u0105 na stronie internetowej Sagis.","breadcrumb":{"@id":"https:\/\/sagis.lt\/slapuku-politika\/#breadcrumb"},"inLanguage":"pl-PL","potentialAction":[{"@type":"ReadAction","target":["https:\/\/sagis.lt\/slapuku-politika\/"]}]},{"@type":"BreadcrumbList","@id":"https:\/\/sagis.lt\/slapuku-politika\/#breadcrumb","itemListElement":[{"@type":"ListItem","position":1,"name":"Prad\u017eia","item":"https:\/\/sagis.lt\/"},{"@type":"ListItem","position":2,"name":"Slapuk\u0173 politika"}]},{"@type":"WebSite","@id":"https:\/\/sagis.lt\/#website","url":"https:\/\/sagis.lt\/","name":"sagis.lt","description":"Sagis Fryzjer dla zwierz\u0105t - Szcz\u0119\u015bliwy pies, pi\u0119kny pies","publisher":{"@id":"https:\/\/sagis.lt\/#organization"},"potentialAction":[{"@type":"SearchAction","target":{"@type":"EntryPoint","urlTemplate":"https:\/\/sagis.lt\/?s={search_term_string}"},"query-input":{"@type":"PropertyValueSpecification","valueRequired":true,"valueName":"search_term_string"}}],"inLanguage":"pl-PL"},{"@type":"Organization","@id":"https:\/\/sagis.lt\/#organization","name":"sagis.lt","alternateName":"Sagis kirpykla","url":"https:\/\/sagis.lt\/","logo":{"@type":"ImageObject","inLanguage":"pl-PL","@id":"https:\/\/sagis.lt\/#\/schema\/logo\/image\/","url":"https:\/\/sagis.lt\/wp-content\/uploads\/2026\/03\/favicon.png","contentUrl":"https:\/\/sagis.lt\/wp-content\/uploads\/2026\/03\/favicon.png","width":512,"height":512,"caption":"sagis.lt"},"image":{"@id":"https:\/\/sagis.lt\/#\/schema\/logo\/image\/"},"sameAs":["https:\/\/www.facebook.com\/Gyvunukirpyklasagis?locale=lt_LT","https:\/\/www.instagram.com\/kirpyklasagis\/"]}]}},"_links":{"self":[{"href":"https:\/\/sagis.lt\/pl\/wp-json\/wp\/v2\/pages\/55","targetHints":{"allow":["GET"]}}],"collection":[{"href":"https:\/\/sagis.lt\/pl\/wp-json\/wp\/v2\/pages"}],"about":[{"href":"https:\/\/sagis.lt\/pl\/wp-json\/wp\/v2\/types\/page"}],"author":[{"embeddable":true,"href":"https:\/\/sagis.lt\/pl\/wp-json\/wp\/v2\/users\/1"}],"replies":[{"embeddable":true,"href":"https:\/\/sagis.lt\/pl\/wp-json\/wp\/v2\/comments?post=55"}],"version-history":[{"count":0,"href":"https:\/\/sagis.lt\/pl\/wp-json\/wp\/v2\/pages\/55\/revisions"}],"wp:attachment":[{"href":"https:\/\/sagis.lt\/pl\/wp-json\/wp\/v2\/media?parent=55"}],"curies":[{"name":"wp","href":"https:\/\/api.w.org\/{rel}","templated":true}]}}